{"id":5116,"date":"2021-11-12T00:40:17","date_gmt":"2021-11-12T00:40:17","guid":{"rendered":"https:\/\/back.sotol.com\/?post_type=product&#038;p=5116"},"modified":"2025-10-13T11:43:40","modified_gmt":"2025-10-13T17:43:40","slug":"sotol-oro","status":"publish","type":"product","link":"https:\/\/sotol.com\/es\/producto\/sotol-oro\/","title":{"rendered":"SOTOL ORO"},"content":{"rendered":"<ul>\n<li><span data-sheets-root=\"1\">Categor\u00eda: Categor\u00eda: A\u00f1ejo Sotol<\/span><\/li>\n<li><span data-sheets-root=\"1\">Fuente de az\u00facares: Dasylirion<br \/>\n<\/span><\/li>\n<li><span data-sheets-root=\"1\">Cosecha: Silvestre<br \/>\n<\/span><\/li>\n<li><span data-sheets-root=\"1\">La cocina: Hornos de mamposter\u00eda<br \/>\n<\/span><\/li>\n<li><span data-sheets-root=\"1\">Fermentaci\u00f3n: Controlada con levaduras de champ\u00e1n y de vino<br \/>\n<\/span><\/li>\n<li><span data-sheets-root=\"1\">Envejecimiento: N\/A<br \/>\n<\/span><\/li>\n<li><span data-sheets-root=\"1\">Volumen de alcohol: 38%<br \/>\n<\/span><\/li>\n<li><span data-sheets-root=\"1\">A\u00f1adido: copos de oro de 24 quilates<br \/>\n<\/span><\/li>\n<li><span data-sheets-root=\"1\">Certificaciones: Denominaci\u00f3n de Origen Sotol, USDA Organic, EU Organic, IMOCert, Kosher.<\/span><\/li>\n<\/ul>","protected":false},"excerpt":{"rendered":"<p><span data-sheets-root=\"1\">Pure Gold Sotol mezcla vainilla, frutos secos y notas herb\u00e1ceas, con copos de oro de 24 quilates que aportan suavidad y una textura aterciopelada.<\/span><\/p>","protected":false},"featured_media":7857,"comment_status":"open","ping_status":"closed","template":"","meta":[],"product_brand":[],"product_cat":[32],"product_tag":[],"class_list":{"0":"post-5116","1":"product","2":"type-product","3":"status-publish","4":"has-post-thumbnail","6":"product_cat-sencillos","8":"first","9":"outofstock","10":"shipping-taxable","11":"purchasable","12":"product-type-simple"},"_links":{"self":[{"href":"https:\/\/sotol.com\/es\/wp-json\/wp\/v2\/product\/5116","targetHints":{"allow":["GET"]}}],"collection":[{"href":"https:\/\/sotol.com\/es\/wp-json\/wp\/v2\/product"}],"about":[{"href":"https:\/\/sotol.com\/es\/wp-json\/wp\/v2\/types\/product"}],"replies":[{"embeddable":true,"href":"https:\/\/sotol.com\/es\/wp-json\/wp\/v2\/comments?post=5116"}],"wp:featuredmedia":[{"embeddable":true,"href":"https:\/\/sotol.com\/es\/wp-json\/wp\/v2\/media\/7857"}],"wp:attachment":[{"href":"https:\/\/sotol.com\/es\/wp-json\/wp\/v2\/media?parent=5116"}],"wp:term":[{"taxonomy":"product_brand","embeddable":true,"href":"https:\/\/sotol.com\/es\/wp-json\/wp\/v2\/product_brand?post=5116"},{"taxonomy":"product_cat","embeddable":true,"href":"https:\/\/sotol.com\/es\/wp-json\/wp\/v2\/product_cat?post=5116"},{"taxonomy":"product_tag","embeddable":true,"href":"https:\/\/sotol.com\/es\/wp-json\/wp\/v2\/product_tag?post=5116"}],"curies":[{"name":"wp","href":"https:\/\/api.w.org\/{rel}","templated":true}]}}