{"id":5115,"date":"2021-11-12T00:40:17","date_gmt":"2021-11-12T00:40:17","guid":{"rendered":"https:\/\/back.sotol.com\/?post_type=product&#038;p=5115"},"modified":"2026-03-14T09:24:58","modified_gmt":"2026-03-14T15:24:58","slug":"sotol-h5","status":"publish","type":"product","link":"https:\/\/sotol.com\/es\/producto\/sotol-h5\/","title":{"rendered":"SOTOL H5"},"content":{"rendered":"<ul>\n<li><span data-sheets-root=\"1\">Categor\u00eda: Sotol Extra-A\u00f1ejo<\/span><\/li>\n<li><span data-sheets-root=\"1\">Fuente de az\u00facares: Dasylirion<br \/>\n<\/span><\/li>\n<li><span data-sheets-root=\"1\">Cosecha: Silvestre<br \/>\n<\/span><\/li>\n<li><span data-sheets-root=\"1\">La cocina: Hornos de mamposter\u00eda<br \/>\n<\/span><\/li>\n<li><span data-sheets-root=\"1\">Fermentaci\u00f3n: Controlada con levaduras de champ\u00e1n y de vino<br \/>\n<\/span><\/li>\n<li><span data-sheets-root=\"1\">Envejecimiento: 5 a\u00f1os en barricas de roble franc\u00e9s<br \/>\n<\/span><\/li>\n<li><span data-sheets-root=\"1\">Volumen de alcohol: 38%<\/span><\/li>\n<li><span data-sheets-root=\"1\">Certificaciones: Denominaci\u00f3n de Origen Sotol, USDA Organic, EU Organic, IMOCert, Kosher.<\/span><\/li>\n<\/ul>","protected":false},"excerpt":{"rendered":"<p class=\"p1\"><span data-sheets-root=\"1\">H5 es la expresi\u00f3n m\u00e1s elevada del portafolio de hacienda de chihuahua, a\u00f1ejado 5 a\u00f1os en barricas de roble franc\u00e9s, con ricas notas de vainilla, caramelo y especias.<\/span><\/p>","protected":false},"featured_media":7859,"comment_status":"open","ping_status":"closed","template":"","meta":[],"product_brand":[],"product_cat":[32],"product_tag":[],"class_list":{"0":"post-5115","1":"product","2":"type-product","3":"status-publish","4":"has-post-thumbnail","6":"product_cat-sencillos","8":"first","9":"instock","10":"shipping-taxable","11":"purchasable","12":"product-type-simple"},"_links":{"self":[{"href":"https:\/\/sotol.com\/es\/wp-json\/wp\/v2\/product\/5115","targetHints":{"allow":["GET"]}}],"collection":[{"href":"https:\/\/sotol.com\/es\/wp-json\/wp\/v2\/product"}],"about":[{"href":"https:\/\/sotol.com\/es\/wp-json\/wp\/v2\/types\/product"}],"replies":[{"embeddable":true,"href":"https:\/\/sotol.com\/es\/wp-json\/wp\/v2\/comments?post=5115"}],"wp:featuredmedia":[{"embeddable":true,"href":"https:\/\/sotol.com\/es\/wp-json\/wp\/v2\/media\/7859"}],"wp:attachment":[{"href":"https:\/\/sotol.com\/es\/wp-json\/wp\/v2\/media?parent=5115"}],"wp:term":[{"taxonomy":"product_brand","embeddable":true,"href":"https:\/\/sotol.com\/es\/wp-json\/wp\/v2\/product_brand?post=5115"},{"taxonomy":"product_cat","embeddable":true,"href":"https:\/\/sotol.com\/es\/wp-json\/wp\/v2\/product_cat?post=5115"},{"taxonomy":"product_tag","embeddable":true,"href":"https:\/\/sotol.com\/es\/wp-json\/wp\/v2\/product_tag?post=5115"}],"curies":[{"name":"wp","href":"https:\/\/api.w.org\/{rel}","templated":true}]}}