{"id":5112,"date":"2021-11-12T00:40:17","date_gmt":"2021-11-12T00:40:17","guid":{"rendered":"https:\/\/back.sotol.com\/?post_type=product&#038;p=5112"},"modified":"2026-05-05T13:14:07","modified_gmt":"2026-05-05T19:14:07","slug":"sotol-rustico","status":"publish","type":"product","link":"https:\/\/sotol.com\/es\/producto\/sotol-rustico\/","title":{"rendered":"SOTOL R\u00daSTICO"},"content":{"rendered":"<ul>\n<li><span data-sheets-root=\"1\">Categor\u00eda: Sotol Blanco<\/span><\/li>\n<li><span data-sheets-root=\"1\">Fuente de az\u00facares: Dasylirion<br \/>\n<\/span><\/li>\n<li><span data-sheets-root=\"1\">Cosecha: Silvestre<br \/>\n<\/span><\/li>\n<li><span data-sheets-root=\"1\">La cocina: Hornos de mamposter\u00eda<br \/>\n<\/span><\/li>\n<li><span data-sheets-root=\"1\">Fermentaci\u00f3n: Controlada con levaduras de champ\u00e1n y de vino<br \/>\n<\/span><\/li>\n<li><span data-sheets-root=\"1\">Envejecimiento: N\/A<br \/>\n<\/span><\/li>\n<li><span data-sheets-root=\"1\">Volumen de alcohol: 45%<br \/>\n<\/span><\/li>\n<li><span data-sheets-root=\"1\">Certificaciones: Denominaci\u00f3n de Origen Sotol, USDA Organic, EU Organic, IMOCert, Kosher.<\/span><\/li>\n<\/ul>","protected":false},"excerpt":{"rendered":"<p><span data-sheets-root=\"1\">El Sotol r\u00fastico es conocido por su car\u00e1cter audaz, con aromas y sabores m\u00e1s profundos y robustos.<\/span><\/p>","protected":false},"featured_media":7853,"comment_status":"open","ping_status":"closed","template":"","meta":[],"product_brand":[],"product_cat":[32],"product_tag":[],"class_list":{"0":"post-5112","1":"product","2":"type-product","3":"status-publish","4":"has-post-thumbnail","6":"product_cat-sencillos","8":"first","9":"instock","10":"shipping-taxable","11":"purchasable","12":"product-type-simple"},"_links":{"self":[{"href":"https:\/\/sotol.com\/es\/wp-json\/wp\/v2\/product\/5112","targetHints":{"allow":["GET"]}}],"collection":[{"href":"https:\/\/sotol.com\/es\/wp-json\/wp\/v2\/product"}],"about":[{"href":"https:\/\/sotol.com\/es\/wp-json\/wp\/v2\/types\/product"}],"replies":[{"embeddable":true,"href":"https:\/\/sotol.com\/es\/wp-json\/wp\/v2\/comments?post=5112"}],"wp:featuredmedia":[{"embeddable":true,"href":"https:\/\/sotol.com\/es\/wp-json\/wp\/v2\/media\/7853"}],"wp:attachment":[{"href":"https:\/\/sotol.com\/es\/wp-json\/wp\/v2\/media?parent=5112"}],"wp:term":[{"taxonomy":"product_brand","embeddable":true,"href":"https:\/\/sotol.com\/es\/wp-json\/wp\/v2\/product_brand?post=5112"},{"taxonomy":"product_cat","embeddable":true,"href":"https:\/\/sotol.com\/es\/wp-json\/wp\/v2\/product_cat?post=5112"},{"taxonomy":"product_tag","embeddable":true,"href":"https:\/\/sotol.com\/es\/wp-json\/wp\/v2\/product_tag?post=5112"}],"curies":[{"name":"wp","href":"https:\/\/api.w.org\/{rel}","templated":true}]}}