{"id":9006,"date":"2025-09-03T20:31:16","date_gmt":"2025-09-04T02:31:16","guid":{"rendered":"https:\/\/sotol.com\/?page_id=9006"},"modified":"2025-09-03T20:36:42","modified_gmt":"2025-09-04T02:36:42","slug":"spicy-paloma","status":"publish","type":"page","link":"https:\/\/sotol.com\/es\/spicy-paloma\/","title":{"rendered":"PALOMA PICANTE"},"content":{"rendered":"<div data-elementor-type=\"wp-page\" data-elementor-id=\"9006\" class=\"elementor elementor-9006\" data-elementor-post-type=\"page\">\n\t\t\t\t<div class=\"elementor-element elementor-element-45eaedc e-flex e-con-boxed e-con e-parent\" data-id=\"45eaedc\" data-element_type=\"container\" data-settings=\"{&quot;background_background&quot;:&quot;classic&quot;}\">\n\t\t\t\t\t<div class=\"e-con-inner\">\n\t\t<div class=\"elementor-element elementor-element-90bf2d9 e-con-full e-flex elementor-invisible e-con e-child\" data-id=\"90bf2d9\" data-element_type=\"container\" data-settings=\"{&quot;animation&quot;:&quot;fadeInUp&quot;}\">\n\t\t<div class=\"elementor-element elementor-element-0a538bb e-con-full e-flex e-con e-child\" data-id=\"0a538bb\" data-element_type=\"container\">\n\t\t\t\t<\/div>\n\t\t\t\t<\/div>\n\t\t\t\t\t<\/div>\n\t\t\t\t<\/div>\n\t\t<div class=\"elementor-element elementor-element-c0b5f09 e-con-full e-flex e-con e-parent\" data-id=\"c0b5f09\" data-element_type=\"container\" data-settings=\"{&quot;background_background&quot;:&quot;classic&quot;}\">\n\t\t<div class=\"elementor-element elementor-element-9ce281b e-con-full e-flex elementor-invisible e-con e-child\" data-id=\"9ce281b\" data-element_type=\"container\" data-settings=\"{&quot;animation&quot;:&quot;fadeInUp&quot;}\">\n\t\t<div class=\"elementor-element elementor-element-5c8fa80 e-con-full e-flex e-con e-child\" data-id=\"5c8fa80\" data-element_type=\"container\">\n\t\t\t\t<div class=\"elementor-element elementor-element-b62acee elementor-widget__width-inherit elementor-widget elementor-widget-image\" data-id=\"b62acee\" data-element_type=\"widget\" data-widget_type=\"image.default\">\n\t\t\t\t<div class=\"elementor-widget-container\">\n\t\t\t\t\t\t\t\t\t\t\t\t\t\t\t<img fetchpriority=\"high\" decoding=\"async\" width=\"1707\" height=\"2560\" src=\"https:\/\/sotol.com\/wp-content\/uploads\/2025\/09\/SPICY-PALOMA-scaled.jpg\" class=\"attachment-full size-full wp-image-8945\" alt=\"\" srcset=\"https:\/\/sotol.com\/wp-content\/uploads\/2025\/09\/SPICY-PALOMA-scaled.jpg 1707w, https:\/\/sotol.com\/wp-content\/uploads\/2025\/09\/SPICY-PALOMA-200x300.jpg 200w, https:\/\/sotol.com\/wp-content\/uploads\/2025\/09\/SPICY-PALOMA-683x1024.jpg 683w, https:\/\/sotol.com\/wp-content\/uploads\/2025\/09\/SPICY-PALOMA-768x1152.jpg 768w, https:\/\/sotol.com\/wp-content\/uploads\/2025\/09\/SPICY-PALOMA-1024x1536.jpg 1024w, https:\/\/sotol.com\/wp-content\/uploads\/2025\/09\/SPICY-PALOMA-1366x2048.jpg 1366w, https:\/\/sotol.com\/wp-content\/uploads\/2025\/09\/SPICY-PALOMA-8x12.jpg 8w, https:\/\/sotol.com\/wp-content\/uploads\/2025\/09\/SPICY-PALOMA-300x450.jpg 300w, https:\/\/sotol.com\/wp-content\/uploads\/2025\/09\/SPICY-PALOMA-600x900.jpg 600w\" sizes=\"(max-width: 1707px) 100vw, 1707px\" \/>\t\t\t\t\t\t\t\t\t\t\t\t\t\t\t<\/div>\n\t\t\t\t<\/div>\n\t\t\t\t<\/div>\n\t\t<div class=\"elementor-element elementor-element-a73c9e9 e-con-full e-flex e-con e-child\" data-id=\"a73c9e9\" data-element_type=\"container\">\n\t\t\t\t<div class=\"elementor-element elementor-element-00b8742 elementor-widget__width-inherit elementor-widget elementor-widget-text-editor\" data-id=\"00b8742\" data-element_type=\"widget\" data-widget_type=\"text-editor.default\">\n\t\t\t\t<div class=\"elementor-widget-container\">\n\t\t\t\t\t\t\t\t\t<p><span style=\"font-family: 'Colonna MT';\">PALOMA PICANTE<\/span><\/p>\t\t\t\t\t\t\t\t<\/div>\n\t\t\t\t<\/div>\n\t\t\t\t<div class=\"elementor-element elementor-element-e485088 elementor-widget__width-inherit elementor-widget elementor-widget-text-editor\" data-id=\"e485088\" data-element_type=\"widget\" data-widget_type=\"text-editor.default\">\n\t\t\t\t<div class=\"elementor-widget-container\">\n\t\t\t\t\t\t\t\t\t<p data-start=\"143\" data-end=\"165\">1 \u00bd oz Sotol R\u00fastico<\/p><p data-start=\"168\" data-end=\"191\">1 oz Ancho Reyes Rojo<\/p><p data-start=\"194\" data-end=\"217\">1 oz de zumo de lima fresco<\/p><p data-start=\"220\" data-end=\"269\">1 \u00bd oz de refresco de pomelo (por ejemplo, Pe\u00f1afiel Toronja)<\/p><p data-start=\"272\" data-end=\"294\">1 oz Agua con gas<\/p>\t\t\t\t\t\t\t\t<\/div>\n\t\t\t\t<\/div>\n\t\t\t\t<div class=\"elementor-element elementor-element-f708522 elementor-widget elementor-widget-text-editor\" data-id=\"f708522\" data-element_type=\"widget\" data-widget_type=\"text-editor.default\">\n\t\t\t\t<div class=\"elementor-widget-container\">\n\t\t\t\t\t\t\t\t\t<p data-start=\"296\" data-end=\"386\"><strong data-start=\"296\" data-end=\"317\">PREPARAR EL VASO<\/strong><br data-start=\"317\" data-end=\"320\" \/>Ponga sal fina en el borde de un vaso highball. A\u00f1ada una media luna de pomelo.<\/p><p data-start=\"388\" data-end=\"577\"><strong data-start=\"388\" data-end=\"408\">CONSTRUYE TU BEBIDA<\/strong><br data-start=\"408\" data-end=\"411\" \/>En un vaso con hielo, a\u00f1ade Sotol R\u00fastico, Ancho Reyes Rojo, zumo de lima y soda de pomelo. Remover suavemente y completar con un chorrito de agua con gas para un final burbujeante.<\/p><p data-start=\"579\" data-end=\"616\"><strong data-start=\"579\" data-end=\"590\">GUARNICI\u00d3N<\/strong><br data-start=\"590\" data-end=\"593\" \/>Media luna de pomelo.<\/p>\t\t\t\t\t\t\t\t<\/div>\n\t\t\t\t<\/div>\n\t\t\t\t<\/div>\n\t\t\t\t<\/div>\n\t\t\t\t<\/div>\n\t\t<div class=\"elementor-element elementor-element-44ae580 e-con-full e-flex e-con e-parent\" data-id=\"44ae580\" data-element_type=\"container\">\n\t\t\t\t<div class=\"elementor-element elementor-element-81dd8ec elementor-widget elementor-widget-video\" data-id=\"81dd8ec\" data-element_type=\"widget\" data-settings=\"{&quot;video_type&quot;:&quot;hosted&quot;,&quot;mute&quot;:&quot;yes&quot;,&quot;loop&quot;:&quot;yes&quot;}\" data-widget_type=\"video.default\">\n\t\t\t\t<div class=\"elementor-widget-container\">\n\t\t\t\t\t\t\t<div class=\"e-hosted-video elementor-wrapper elementor-open-inline\">\n\t\t\t\t\t<video class=\"elementor-video\" src=\"https:\/\/sotol.com\/wp-content\/uploads\/2025\/07\/Slider-Botellas-Homepage-Sotol-Back-V1.mp4\" loop=\"\" preload=\"metadata\" muted=\"muted\" controlslist=\"nodownload\"><\/video>\n\t\t\t\t<\/div>\n\t\t\t\t\t\t<\/div>\n\t\t\t\t<\/div>\n\t\t\t\t<\/div>\n\t\t<div class=\"elementor-element elementor-element-6629fe6 e-con-full e-flex e-con e-parent\" data-id=\"6629fe6\" data-element_type=\"container\" data-settings=\"{&quot;background_background&quot;:&quot;classic&quot;}\">\n\t\t<div class=\"elementor-element elementor-element-f5814a8 e-con-full e-flex elementor-invisible e-con e-child\" data-id=\"f5814a8\" data-element_type=\"container\" data-settings=\"{&quot;animation&quot;:&quot;fadeInUp&quot;}\">\n\t\t<div class=\"elementor-element elementor-element-479723a e-con-full e-flex e-con e-child\" data-id=\"479723a\" data-element_type=\"container\">\n\t\t\t\t<div class=\"elementor-element elementor-element-9b61be5 elementor-widget__width-inherit elementor-widget elementor-widget-text-editor\" data-id=\"9b61be5\" data-element_type=\"widget\" data-widget_type=\"text-editor.default\">\n\t\t\t\t<div class=\"elementor-widget-container\">\n\t\t\t\t\t\t\t\t\t<span style=\"font-family: 'Colonna MT';\">OTROS C\u00d3CTELES<\/span>\t\t\t\t\t\t\t\t<\/div>\n\t\t\t\t<\/div>\n\t\t\t\t<div class=\"elementor-element elementor-element-6cd0bd6 elementor-widget__width-inherit elementor-widget elementor-widget-image\" data-id=\"6cd0bd6\" data-element_type=\"widget\" data-widget_type=\"image.default\">\n\t\t\t\t<div class=\"elementor-widget-container\">\n\t\t\t\t\t\t\t\t\t\t\t\t\t\t\t<img decoding=\"async\" width=\"500\" height=\"89\" src=\"https:\/\/sotol.com\/wp-content\/uploads\/2025\/03\/Recurso-1@2x-21-e1746147184720.png\" class=\"attachment-full size-full wp-image-7445\" alt=\"\" srcset=\"https:\/\/sotol.com\/wp-content\/uploads\/2025\/03\/Recurso-1@2x-21-e1746147184720.png 500w, https:\/\/sotol.com\/wp-content\/uploads\/2025\/03\/Recurso-1@2x-21-e1746147184720-300x53.png 300w, https:\/\/sotol.com\/wp-content\/uploads\/2025\/03\/Recurso-1@2x-21-e1746147184720-18x3.png 18w\" sizes=\"(max-width: 500px) 100vw, 500px\" \/>\t\t\t\t\t\t\t\t\t\t\t\t\t\t\t<\/div>\n\t\t\t\t<\/div>\n\t\t<div class=\"elementor-element elementor-element-2bbbd3b e-con-full e-flex e-con e-child\" data-id=\"2bbbd3b\" data-element_type=\"container\">\n\t\t<div class=\"elementor-element elementor-element-ea72cb5 e-con-full e-flex e-con e-child\" data-id=\"ea72cb5\" data-element_type=\"container\">\n\t\t\t\t<div class=\"elementor-element elementor-element-50b9c32 elementor-widget__width-inherit elementor-widget elementor-widget-image\" data-id=\"50b9c32\" data-element_type=\"widget\" data-widget_type=\"image.default\">\n\t\t\t\t<div class=\"elementor-widget-container\">\n\t\t\t\t\t\t\t\t\t\t\t\t\t\t\t\t<a href=\"https:\/\/sotol.com\/es\/green-desert\/\">\n\t\t\t\t\t\t\t<img decoding=\"async\" width=\"1707\" height=\"2560\" src=\"https:\/\/sotol.com\/wp-content\/uploads\/2025\/09\/GREEN-DESERT-scaled.jpg\" class=\"elementor-animation-grow attachment-full size-full wp-image-8942\" alt=\"\" srcset=\"https:\/\/sotol.com\/wp-content\/uploads\/2025\/09\/GREEN-DESERT-scaled.jpg 1707w, https:\/\/sotol.com\/wp-content\/uploads\/2025\/09\/GREEN-DESERT-200x300.jpg 200w, https:\/\/sotol.com\/wp-content\/uploads\/2025\/09\/GREEN-DESERT-683x1024.jpg 683w, https:\/\/sotol.com\/wp-content\/uploads\/2025\/09\/GREEN-DESERT-768x1152.jpg 768w, https:\/\/sotol.com\/wp-content\/uploads\/2025\/09\/GREEN-DESERT-1024x1536.jpg 1024w, https:\/\/sotol.com\/wp-content\/uploads\/2025\/09\/GREEN-DESERT-1365x2048.jpg 1365w, https:\/\/sotol.com\/wp-content\/uploads\/2025\/09\/GREEN-DESERT-8x12.jpg 8w, https:\/\/sotol.com\/wp-content\/uploads\/2025\/09\/GREEN-DESERT-300x450.jpg 300w, https:\/\/sotol.com\/wp-content\/uploads\/2025\/09\/GREEN-DESERT-600x900.jpg 600w\" sizes=\"(max-width: 1707px) 100vw, 1707px\" \/>\t\t\t\t\t\t\t\t<\/a>\n\t\t\t\t\t\t\t\t\t\t\t\t\t\t\t<\/div>\n\t\t\t\t<\/div>\n\t\t\t\t<div class=\"elementor-element elementor-element-b77d521 elementor-widget elementor-widget-text-editor\" data-id=\"b77d521\" data-element_type=\"widget\" data-widget_type=\"text-editor.default\">\n\t\t\t\t<div class=\"elementor-widget-container\">\n\t\t\t\t\t\t\t\t\t<p><span style=\"color: #000000;\"><a style=\"color: #000000;\" href=\"https:\/\/sotol.com\/es\/mixology\/green-desert\/\">DESIERTO VERDE<\/a><\/span><\/p>\t\t\t\t\t\t\t\t<\/div>\n\t\t\t\t<\/div>\n\t\t\t\t<\/div>\n\t\t<div class=\"elementor-element elementor-element-7f67c93 e-con-full e-flex e-con e-child\" data-id=\"7f67c93\" data-element_type=\"container\">\n\t\t\t\t<div class=\"elementor-element elementor-element-bc61a4e elementor-widget__width-inherit elementor-widget elementor-widget-image\" data-id=\"bc61a4e\" data-element_type=\"widget\" data-widget_type=\"image.default\">\n\t\t\t\t<div class=\"elementor-widget-container\">\n\t\t\t\t\t\t\t\t\t\t\t\t\t\t\t\t<a href=\"https:\/\/sotol.com\/es\/mixology\/desert-tonic\/\">\n\t\t\t\t\t\t\t<img loading=\"lazy\" decoding=\"async\" width=\"1707\" height=\"2560\" src=\"https:\/\/sotol.com\/wp-content\/uploads\/2025\/09\/DESERT-TONIC-scaled.jpg\" class=\"elementor-animation-grow attachment-full size-full wp-image-8941\" alt=\"\" srcset=\"https:\/\/sotol.com\/wp-content\/uploads\/2025\/09\/DESERT-TONIC-scaled.jpg 1707w, https:\/\/sotol.com\/wp-content\/uploads\/2025\/09\/DESERT-TONIC-200x300.jpg 200w, https:\/\/sotol.com\/wp-content\/uploads\/2025\/09\/DESERT-TONIC-683x1024.jpg 683w, https:\/\/sotol.com\/wp-content\/uploads\/2025\/09\/DESERT-TONIC-768x1152.jpg 768w, https:\/\/sotol.com\/wp-content\/uploads\/2025\/09\/DESERT-TONIC-1024x1536.jpg 1024w, https:\/\/sotol.com\/wp-content\/uploads\/2025\/09\/DESERT-TONIC-1365x2048.jpg 1365w, https:\/\/sotol.com\/wp-content\/uploads\/2025\/09\/DESERT-TONIC-8x12.jpg 8w, https:\/\/sotol.com\/wp-content\/uploads\/2025\/09\/DESERT-TONIC-300x450.jpg 300w, https:\/\/sotol.com\/wp-content\/uploads\/2025\/09\/DESERT-TONIC-600x900.jpg 600w\" sizes=\"(max-width: 1707px) 100vw, 1707px\" \/>\t\t\t\t\t\t\t\t<\/a>\n\t\t\t\t\t\t\t\t\t\t\t\t\t\t\t<\/div>\n\t\t\t\t<\/div>\n\t\t\t\t<div class=\"elementor-element elementor-element-0907959 elementor-widget elementor-widget-text-editor\" data-id=\"0907959\" data-element_type=\"widget\" data-widget_type=\"text-editor.default\">\n\t\t\t\t<div class=\"elementor-widget-container\">\n\t\t\t\t\t\t\t\t\t<span style=\"color: #000000;\"><a style=\"color: #000000;\" href=\"https:\/\/sotol.com\/es\/mixology\/desert-tonic\/\">T\u00d3NICO DEL DESIERTO<\/a><\/span>\t\t\t\t\t\t\t\t<\/div>\n\t\t\t\t<\/div>\n\t\t\t\t<\/div>\n\t\t<div class=\"elementor-element elementor-element-a23de82 e-con-full e-flex e-con e-child\" data-id=\"a23de82\" data-element_type=\"container\">\n\t\t\t\t<div class=\"elementor-element elementor-element-cae24cc elementor-widget__width-inherit elementor-widget elementor-widget-image\" data-id=\"cae24cc\" data-element_type=\"widget\" data-widget_type=\"image.default\">\n\t\t\t\t<div class=\"elementor-widget-container\">\n\t\t\t\t\t\t\t\t\t\t\t\t\t\t\t\t<a href=\"https:\/\/sotol.com\/es\/manhattan-5\/\">\n\t\t\t\t\t\t\t<img loading=\"lazy\" decoding=\"async\" width=\"1707\" height=\"2560\" src=\"https:\/\/sotol.com\/wp-content\/uploads\/2025\/09\/MANHATTAN-5-scaled.jpg\" class=\"elementor-animation-grow attachment-full size-full wp-image-8943\" alt=\"\" srcset=\"https:\/\/sotol.com\/wp-content\/uploads\/2025\/09\/MANHATTAN-5-scaled.jpg 1707w, https:\/\/sotol.com\/wp-content\/uploads\/2025\/09\/MANHATTAN-5-200x300.jpg 200w, https:\/\/sotol.com\/wp-content\/uploads\/2025\/09\/MANHATTAN-5-683x1024.jpg 683w, https:\/\/sotol.com\/wp-content\/uploads\/2025\/09\/MANHATTAN-5-768x1152.jpg 768w, https:\/\/sotol.com\/wp-content\/uploads\/2025\/09\/MANHATTAN-5-1024x1536.jpg 1024w, https:\/\/sotol.com\/wp-content\/uploads\/2025\/09\/MANHATTAN-5-1366x2048.jpg 1366w, https:\/\/sotol.com\/wp-content\/uploads\/2025\/09\/MANHATTAN-5-8x12.jpg 8w, https:\/\/sotol.com\/wp-content\/uploads\/2025\/09\/MANHATTAN-5-300x450.jpg 300w, https:\/\/sotol.com\/wp-content\/uploads\/2025\/09\/MANHATTAN-5-600x900.jpg 600w\" sizes=\"(max-width: 1707px) 100vw, 1707px\" \/>\t\t\t\t\t\t\t\t<\/a>\n\t\t\t\t\t\t\t\t\t\t\t\t\t\t\t<\/div>\n\t\t\t\t<\/div>\n\t\t\t\t<div class=\"elementor-element elementor-element-65eb121 elementor-widget elementor-widget-text-editor\" data-id=\"65eb121\" data-element_type=\"widget\" data-widget_type=\"text-editor.default\">\n\t\t\t\t<div class=\"elementor-widget-container\">\n\t\t\t\t\t\t\t\t\t<span style=\"color: #000000;\"><a style=\"color: #000000;\" href=\"https:\/\/sotol.com\/es\/manhattan-5\/\">MANHATTAN 5<\/a><\/span>\t\t\t\t\t\t\t\t<\/div>\n\t\t\t\t<\/div>\n\t\t\t\t<\/div>\n\t\t<div class=\"elementor-element elementor-element-9b09dc6 e-con-full e-flex e-con e-child\" data-id=\"9b09dc6\" data-element_type=\"container\">\n\t\t\t\t<div class=\"elementor-element elementor-element-d7ced45 elementor-widget__width-inherit elementor-widget elementor-widget-image\" data-id=\"d7ced45\" data-element_type=\"widget\" data-widget_type=\"image.default\">\n\t\t\t\t<div class=\"elementor-widget-container\">\n\t\t\t\t\t\t\t\t\t\t\t\t\t\t\t\t<a href=\"https:\/\/sotol.com\/es\/so-tall\/\">\n\t\t\t\t\t\t\t<img loading=\"lazy\" decoding=\"async\" width=\"1707\" height=\"2560\" src=\"https:\/\/sotol.com\/wp-content\/uploads\/2025\/09\/SO-TALL-scaled.jpg\" class=\"elementor-animation-grow attachment-full size-full wp-image-8944\" alt=\"\" srcset=\"https:\/\/sotol.com\/wp-content\/uploads\/2025\/09\/SO-TALL-scaled.jpg 1707w, https:\/\/sotol.com\/wp-content\/uploads\/2025\/09\/SO-TALL-200x300.jpg 200w, https:\/\/sotol.com\/wp-content\/uploads\/2025\/09\/SO-TALL-683x1024.jpg 683w, https:\/\/sotol.com\/wp-content\/uploads\/2025\/09\/SO-TALL-768x1152.jpg 768w, https:\/\/sotol.com\/wp-content\/uploads\/2025\/09\/SO-TALL-1024x1536.jpg 1024w, https:\/\/sotol.com\/wp-content\/uploads\/2025\/09\/SO-TALL-1366x2048.jpg 1366w, https:\/\/sotol.com\/wp-content\/uploads\/2025\/09\/SO-TALL-8x12.jpg 8w, https:\/\/sotol.com\/wp-content\/uploads\/2025\/09\/SO-TALL-300x450.jpg 300w, https:\/\/sotol.com\/wp-content\/uploads\/2025\/09\/SO-TALL-600x900.jpg 600w\" sizes=\"(max-width: 1707px) 100vw, 1707px\" \/>\t\t\t\t\t\t\t\t<\/a>\n\t\t\t\t\t\t\t\t\t\t\t\t\t\t\t<\/div>\n\t\t\t\t<\/div>\n\t\t\t\t<div class=\"elementor-element elementor-element-95865fb elementor-widget elementor-widget-text-editor\" data-id=\"95865fb\" data-element_type=\"widget\" data-widget_type=\"text-editor.default\">\n\t\t\t\t<div class=\"elementor-widget-container\">\n\t\t\t\t\t\t\t\t\t<p><span style=\"color: #000000;\"><a style=\"color: #000000;\" href=\"https:\/\/sotol.com\/es\/mixology\/so-tall\/\">SO-TALL<\/a><\/span><\/p>\t\t\t\t\t\t\t\t<\/div>\n\t\t\t\t<\/div>\n\t\t\t\t<\/div>\n\t\t\t\t<\/div>\n\t\t\t\t<\/div>\n\t\t\t\t<\/div>\n\t\t\t\t<\/div>\n\t\t<div class=\"elementor-element elementor-element-36ac380 e-con-full e-flex e-con e-parent\" data-id=\"36ac380\" data-element_type=\"container\">\n\t\t\t\t<div class=\"elementor-element elementor-element-e35410e elementor-widget__width-inherit elementor-widget elementor-widget-image\" data-id=\"e35410e\" data-element_type=\"widget\" data-widget_type=\"image.default\">\n\t\t\t\t<div class=\"elementor-widget-container\">\n\t\t\t\t\t\t\t\t\t\t\t\t\t\t\t<img loading=\"lazy\" decoding=\"async\" width=\"1924\" height=\"400\" src=\"https:\/\/sotol.com\/wp-content\/uploads\/2025\/04\/Our-Certificacions-Sotol-Hacienda-de-Chihuahua-Ingles.png\" class=\"attachment-full size-full wp-image-7724\" alt=\"\" srcset=\"https:\/\/sotol.com\/wp-content\/uploads\/2025\/04\/Our-Certificacions-Sotol-Hacienda-de-Chihuahua-Ingles.png 1924w, https:\/\/sotol.com\/wp-content\/uploads\/2025\/04\/Our-Certificacions-Sotol-Hacienda-de-Chihuahua-Ingles-300x62.png 300w, https:\/\/sotol.com\/wp-content\/uploads\/2025\/04\/Our-Certificacions-Sotol-Hacienda-de-Chihuahua-Ingles-1024x213.png 1024w, https:\/\/sotol.com\/wp-content\/uploads\/2025\/04\/Our-Certificacions-Sotol-Hacienda-de-Chihuahua-Ingles-768x160.png 768w, https:\/\/sotol.com\/wp-content\/uploads\/2025\/04\/Our-Certificacions-Sotol-Hacienda-de-Chihuahua-Ingles-1536x319.png 1536w, https:\/\/sotol.com\/wp-content\/uploads\/2025\/04\/Our-Certificacions-Sotol-Hacienda-de-Chihuahua-Ingles-18x4.png 18w, https:\/\/sotol.com\/wp-content\/uploads\/2025\/04\/Our-Certificacions-Sotol-Hacienda-de-Chihuahua-Ingles-600x125.png 600w\" sizes=\"(max-width: 1924px) 100vw, 1924px\" \/>\t\t\t\t\t\t\t\t\t\t\t\t\t\t\t<\/div>\n\t\t\t\t<\/div>\n\t\t\t\t<\/div>\n\t\t\t\t<\/div>","protected":false},"excerpt":{"rendered":"<p>PALOMA PICANTE 1 \u00bd oz Sotol R\u00fastico 1 oz Ancho Reyes Rojo 1 oz Zumo de Lima Fresco 1 \u00bd oz Refresco de Pomelo (por ejemplo, Pe\u00f1afiel Toronja) 1 oz Agua con Gas PREPARAR EL VASORimpe un vaso highball con sal fina. A\u00f1ade una media luna de pomelo. CONSTRUYA SU BEBIDAEn un vaso con hielo, a\u00f1ada Sotol R\u00fastico, Ancho Reyes Rojo, [...]<\/p>","protected":false},"author":1,"featured_media":0,"parent":0,"menu_order":0,"comment_status":"closed","ping_status":"closed","template":"elementor_header_footer","meta":{"footnotes":""},"class_list":["post-9006","page","type-page","status-publish","hentry"],"rttpg_featured_image_url":null,"rttpg_author":{"display_name":"StudioVainilla","author_link":"https:\/\/sotol.com\/es\/author\/studiovainilla\/"},"rttpg_comment":0,"rttpg_category":null,"rttpg_excerpt":"SPICY PALOMA 1 \u00bd oz Sotol R\u00fastico 1 oz Ancho Reyes Rojo 1 oz Fresh Lime Juice 1 \u00bd oz Grapefruit Soda (e.g., Pe\u00f1afiel Toronja) 1 oz Sparkling Water PREPARE THE GLASSRim a highball glass with fine salt. Add a grapefruit half-moon. BUILD YOUR DRINKIn a glass with ice, add Sotol R\u00fastico, Ancho Reyes Rojo,&hellip;","_links":{"self":[{"href":"https:\/\/sotol.com\/es\/wp-json\/wp\/v2\/pages\/9006","targetHints":{"allow":["GET"]}}],"collection":[{"href":"https:\/\/sotol.com\/es\/wp-json\/wp\/v2\/pages"}],"about":[{"href":"https:\/\/sotol.com\/es\/wp-json\/wp\/v2\/types\/page"}],"author":[{"embeddable":true,"href":"https:\/\/sotol.com\/es\/wp-json\/wp\/v2\/users\/1"}],"replies":[{"embeddable":true,"href":"https:\/\/sotol.com\/es\/wp-json\/wp\/v2\/comments?post=9006"}],"version-history":[{"count":0,"href":"https:\/\/sotol.com\/es\/wp-json\/wp\/v2\/pages\/9006\/revisions"}],"wp:attachment":[{"href":"https:\/\/sotol.com\/es\/wp-json\/wp\/v2\/media?parent=9006"}],"curies":[{"name":"wp","href":"https:\/\/api.w.org\/{rel}","templated":true}]}}