{"id":7689,"date":"2025-04-11T08:42:31","date_gmt":"2025-04-11T14:42:31","guid":{"rendered":"https:\/\/sotol.com\/?page_id=7689"},"modified":"2025-05-26T11:56:05","modified_gmt":"2025-05-26T17:56:05","slug":"sotol-manzana-brava","status":"publish","type":"page","link":"https:\/\/sotol.com\/es\/mixology\/sotol-manzana-brava\/","title":{"rendered":"SOTOL MANZANA BRAVA"},"content":{"rendered":"<div data-elementor-type=\"wp-page\" data-elementor-id=\"7689\" class=\"elementor elementor-7689\" data-elementor-post-type=\"page\">\n\t\t\t\t<div class=\"elementor-element elementor-element-f0d9835 e-flex e-con-boxed e-con e-parent\" data-id=\"f0d9835\" data-element_type=\"container\" data-settings=\"{&quot;background_background&quot;:&quot;classic&quot;}\">\n\t\t\t\t\t<div class=\"e-con-inner\">\n\t\t<div class=\"elementor-element elementor-element-20ca3dc e-con-full e-flex elementor-invisible e-con e-child\" data-id=\"20ca3dc\" data-element_type=\"container\" data-settings=\"{&quot;animation&quot;:&quot;fadeInUp&quot;}\">\n\t\t<div class=\"elementor-element elementor-element-cb55b05 e-con-full e-flex e-con e-child\" data-id=\"cb55b05\" data-element_type=\"container\">\n\t\t\t\t<\/div>\n\t\t\t\t<\/div>\n\t\t\t\t\t<\/div>\n\t\t\t\t<\/div>\n\t\t<div class=\"elementor-element elementor-element-5572b08 e-con-full e-flex e-con e-parent\" data-id=\"5572b08\" data-element_type=\"container\" data-settings=\"{&quot;background_background&quot;:&quot;classic&quot;}\">\n\t\t<div class=\"elementor-element elementor-element-6b1cfee e-con-full e-flex elementor-invisible e-con e-child\" data-id=\"6b1cfee\" data-element_type=\"container\" data-settings=\"{&quot;animation&quot;:&quot;fadeInUp&quot;}\">\n\t\t<div class=\"elementor-element elementor-element-cddb25e e-con-full e-flex e-con e-child\" data-id=\"cddb25e\" data-element_type=\"container\">\n\t\t\t\t<div class=\"elementor-element elementor-element-6b75919 elementor-widget__width-inherit elementor-widget elementor-widget-image\" data-id=\"6b75919\" data-element_type=\"widget\" data-widget_type=\"image.default\">\n\t\t\t\t<div class=\"elementor-widget-container\">\n\t\t\t\t\t\t\t\t\t\t\t\t\t\t\t<img fetchpriority=\"high\" decoding=\"async\" width=\"758\" height=\"677\" src=\"https:\/\/sotol.com\/wp-content\/uploads\/2025\/04\/Recurso-4.png\" class=\"attachment-full size-full wp-image-7661\" alt=\"\" srcset=\"https:\/\/sotol.com\/wp-content\/uploads\/2025\/04\/Recurso-4.png 758w, https:\/\/sotol.com\/wp-content\/uploads\/2025\/04\/Recurso-4-300x268.png 300w, https:\/\/sotol.com\/wp-content\/uploads\/2025\/04\/Recurso-4-13x12.png 13w, https:\/\/sotol.com\/wp-content\/uploads\/2025\/04\/Recurso-4-600x536.png 600w\" sizes=\"(max-width: 758px) 100vw, 758px\" \/>\t\t\t\t\t\t\t\t\t\t\t\t\t\t\t<\/div>\n\t\t\t\t<\/div>\n\t\t\t\t<\/div>\n\t\t<div class=\"elementor-element elementor-element-a38eb40 e-con-full e-flex e-con e-child\" data-id=\"a38eb40\" data-element_type=\"container\">\n\t\t\t\t<div class=\"elementor-element elementor-element-98fa6ca elementor-widget__width-inherit elementor-widget elementor-widget-text-editor\" data-id=\"98fa6ca\" data-element_type=\"widget\" data-widget_type=\"text-editor.default\">\n\t\t\t\t<div class=\"elementor-widget-container\">\n\t\t\t\t\t\t\t\t\t<span style=\"font-family: 'Colonna MT';\">SOTOL MANZANA BRAVA<\/span>\t\t\t\t\t\t\t\t<\/div>\n\t\t\t\t<\/div>\n\t\t\t\t<div class=\"elementor-element elementor-element-8666bb7 elementor-widget__width-inherit elementor-widget elementor-widget-text-editor\" data-id=\"8666bb7\" data-element_type=\"widget\" data-widget_type=\"text-editor.default\">\n\t\t\t\t<div class=\"elementor-widget-container\">\n\t\t\t\t\t\t\t\t\t<p>2 oz sotol plata<br \/>1 oz de zumo fresco de manzana verde <br \/>\u00bd oz de zumo de lima fresco<br \/>\u00bd onza de jarabe de miel (1:1 de miel y agua tibia) <br \/>o sirope de agave<br \/>Agua con gas o soda<br \/>1 rama de canela (para flambear)<br \/>Rodajas finas de manzana para decorar<\/p>\t\t\t\t\t\t\t\t<\/div>\n\t\t\t\t<\/div>\n\t\t\t\t<div class=\"elementor-element elementor-element-dd92b18 elementor-widget elementor-widget-text-editor\" data-id=\"dd92b18\" data-element_type=\"widget\" data-widget_type=\"text-editor.default\">\n\t\t\t\t<div class=\"elementor-widget-container\">\n\t\t\t\t\t\t\t\t\t<p><span style=\"font-family: NeueDINVAR;\"><strong>PREPARAR EL VASO<\/strong><\/span><br \/>Llene un vaso highball con hielo.<\/p><p><span style=\"font-family: NeueDINVAR;\"><strong>MEZCLAR LA BASE<\/strong><\/span><br \/>Mezcle todos los ingredientes en una coctelera. Agite bien.<br \/>Colar y completar: Colar en el vaso y completar con agua con gas para un toque ligero y efervescente.<\/p><p><span style=\"font-family: NeueDINVAR;\"><strong>FLAMEAR LA RAMA DE CANELA<\/strong><\/span><br \/>Prende fuego a un extremo de una rama de canela hasta que arda y, a continuaci\u00f3n, col\u00f3cala en el borde del vaso o directamente en la bebida para darle un toque arom\u00e1tico.<\/p>\t\t\t\t\t\t\t\t<\/div>\n\t\t\t\t<\/div>\n\t\t\t\t<\/div>\n\t\t\t\t<\/div>\n\t\t\t\t<\/div>\n\t\t<div class=\"elementor-element elementor-element-4883cb7 e-con-full e-flex e-con e-parent\" data-id=\"4883cb7\" data-element_type=\"container\">\n\t\t\t\t<div class=\"elementor-element elementor-element-7e206b0 elementor-widget__width-inherit elementor-widget elementor-widget-image\" data-id=\"7e206b0\" data-element_type=\"widget\" data-widget_type=\"image.default\">\n\t\t\t\t<div class=\"elementor-widget-container\">\n\t\t\t\t\t\t\t\t\t\t\t\t\t\t\t<img decoding=\"async\" width=\"2008\" height=\"1101\" src=\"https:\/\/sotol.com\/wp-content\/uploads\/2025\/04\/Manzana-Brava-Sotol-Hacienda-de-Chihuahua.png\" class=\"attachment-full size-full wp-image-7698\" alt=\"\" srcset=\"https:\/\/sotol.com\/wp-content\/uploads\/2025\/04\/Manzana-Brava-Sotol-Hacienda-de-Chihuahua.png 2008w, https:\/\/sotol.com\/wp-content\/uploads\/2025\/04\/Manzana-Brava-Sotol-Hacienda-de-Chihuahua-300x164.png 300w, https:\/\/sotol.com\/wp-content\/uploads\/2025\/04\/Manzana-Brava-Sotol-Hacienda-de-Chihuahua-1024x561.png 1024w, https:\/\/sotol.com\/wp-content\/uploads\/2025\/04\/Manzana-Brava-Sotol-Hacienda-de-Chihuahua-768x421.png 768w, https:\/\/sotol.com\/wp-content\/uploads\/2025\/04\/Manzana-Brava-Sotol-Hacienda-de-Chihuahua-1536x842.png 1536w, https:\/\/sotol.com\/wp-content\/uploads\/2025\/04\/Manzana-Brava-Sotol-Hacienda-de-Chihuahua-18x10.png 18w, https:\/\/sotol.com\/wp-content\/uploads\/2025\/04\/Manzana-Brava-Sotol-Hacienda-de-Chihuahua-600x329.png 600w\" sizes=\"(max-width: 2008px) 100vw, 2008px\" \/>\t\t\t\t\t\t\t\t\t\t\t\t\t\t\t<\/div>\n\t\t\t\t<\/div>\n\t\t\t\t<\/div>\n\t\t<div class=\"elementor-element elementor-element-93b21ac e-con-full e-flex e-con e-parent\" data-id=\"93b21ac\" data-element_type=\"container\" data-settings=\"{&quot;background_background&quot;:&quot;classic&quot;}\">\n\t\t<div class=\"elementor-element elementor-element-aa0ada1 e-con-full e-flex elementor-invisible e-con e-child\" data-id=\"aa0ada1\" data-element_type=\"container\" data-settings=\"{&quot;animation&quot;:&quot;fadeInUp&quot;}\">\n\t\t<div class=\"elementor-element elementor-element-ee6a75a e-con-full e-flex e-con e-child\" data-id=\"ee6a75a\" data-element_type=\"container\">\n\t\t\t\t<div class=\"elementor-element elementor-element-efd0d42 elementor-widget__width-inherit elementor-widget elementor-widget-text-editor\" data-id=\"efd0d42\" data-element_type=\"widget\" data-widget_type=\"text-editor.default\">\n\t\t\t\t<div class=\"elementor-widget-container\">\n\t\t\t\t\t\t\t\t\t<span style=\"font-family: 'Colonna MT';\">OTROS C\u00d3CTELES<\/span>\t\t\t\t\t\t\t\t<\/div>\n\t\t\t\t<\/div>\n\t\t\t\t<div class=\"elementor-element elementor-element-d8d9593 elementor-widget__width-inherit elementor-widget elementor-widget-image\" data-id=\"d8d9593\" data-element_type=\"widget\" data-widget_type=\"image.default\">\n\t\t\t\t<div class=\"elementor-widget-container\">\n\t\t\t\t\t\t\t\t\t\t\t\t\t\t\t<img decoding=\"async\" width=\"500\" height=\"89\" src=\"https:\/\/sotol.com\/wp-content\/uploads\/2025\/03\/Recurso-1@2x-21-e1746147184720.png\" class=\"attachment-full size-full wp-image-7445\" alt=\"\" srcset=\"https:\/\/sotol.com\/wp-content\/uploads\/2025\/03\/Recurso-1@2x-21-e1746147184720.png 500w, https:\/\/sotol.com\/wp-content\/uploads\/2025\/03\/Recurso-1@2x-21-e1746147184720-300x53.png 300w, https:\/\/sotol.com\/wp-content\/uploads\/2025\/03\/Recurso-1@2x-21-e1746147184720-18x3.png 18w\" sizes=\"(max-width: 500px) 100vw, 500px\" \/>\t\t\t\t\t\t\t\t\t\t\t\t\t\t\t<\/div>\n\t\t\t\t<\/div>\n\t\t<div class=\"elementor-element elementor-element-2ff0adb e-con-full e-flex e-con e-child\" data-id=\"2ff0adb\" data-element_type=\"container\">\n\t\t<div class=\"elementor-element elementor-element-7cb89c2 e-con-full e-flex e-con e-child\" data-id=\"7cb89c2\" data-element_type=\"container\">\n\t\t\t\t<div class=\"elementor-element elementor-element-2430a28 elementor-widget__width-inherit elementor-widget elementor-widget-image\" data-id=\"2430a28\" data-element_type=\"widget\" data-widget_type=\"image.default\">\n\t\t\t\t<div class=\"elementor-widget-container\">\n\t\t\t\t\t\t\t\t\t\t\t\t\t\t\t\t<a href=\"#\">\n\t\t\t\t\t\t\t<img loading=\"lazy\" decoding=\"async\" width=\"418\" height=\"520\" src=\"https:\/\/sotol.com\/wp-content\/uploads\/2025\/04\/Hacienda-Margarita_1.png\" class=\"elementor-animation-grow attachment-full size-full wp-image-7705\" alt=\"\" srcset=\"https:\/\/sotol.com\/wp-content\/uploads\/2025\/04\/Hacienda-Margarita_1.png 418w, https:\/\/sotol.com\/wp-content\/uploads\/2025\/04\/Hacienda-Margarita_1-241x300.png 241w, https:\/\/sotol.com\/wp-content\/uploads\/2025\/04\/Hacienda-Margarita_1-10x12.png 10w, https:\/\/sotol.com\/wp-content\/uploads\/2025\/04\/Hacienda-Margarita_1-300x373.png 300w\" sizes=\"(max-width: 418px) 100vw, 418px\" \/>\t\t\t\t\t\t\t\t<\/a>\n\t\t\t\t\t\t\t\t\t\t\t\t\t\t\t<\/div>\n\t\t\t\t<\/div>\n\t\t\t\t<div class=\"elementor-element elementor-element-e267b74 elementor-widget elementor-widget-text-editor\" data-id=\"e267b74\" data-element_type=\"widget\" data-widget_type=\"text-editor.default\">\n\t\t\t\t<div class=\"elementor-widget-container\">\n\t\t\t\t\t\t\t\t\t<p><span style=\"color: #000000;\"><a style=\"color: #000000;\" href=\"#\">HACIENDA MARGARITA<\/a><\/span><\/p>\t\t\t\t\t\t\t\t<\/div>\n\t\t\t\t<\/div>\n\t\t\t\t<\/div>\n\t\t<div class=\"elementor-element elementor-element-4012be7 e-con-full e-flex e-con e-child\" data-id=\"4012be7\" data-element_type=\"container\">\n\t\t\t\t<div class=\"elementor-element elementor-element-149349d elementor-widget__width-inherit elementor-widget elementor-widget-image\" data-id=\"149349d\" data-element_type=\"widget\" data-widget_type=\"image.default\">\n\t\t\t\t<div class=\"elementor-widget-container\">\n\t\t\t\t\t\t\t\t\t\t\t\t\t\t\t\t<a href=\"#\">\n\t\t\t\t\t\t\t<img loading=\"lazy\" decoding=\"async\" width=\"729\" height=\"915\" src=\"https:\/\/sotol.com\/wp-content\/uploads\/2025\/04\/002_img_mixology.png\" class=\"elementor-animation-grow attachment-full size-full wp-image-7877\" alt=\"\" srcset=\"https:\/\/sotol.com\/wp-content\/uploads\/2025\/04\/002_img_mixology.png 729w, https:\/\/sotol.com\/wp-content\/uploads\/2025\/04\/002_img_mixology-239x300.png 239w, https:\/\/sotol.com\/wp-content\/uploads\/2025\/04\/002_img_mixology-10x12.png 10w, https:\/\/sotol.com\/wp-content\/uploads\/2025\/04\/002_img_mixology-300x377.png 300w, https:\/\/sotol.com\/wp-content\/uploads\/2025\/04\/002_img_mixology-600x753.png 600w\" sizes=\"(max-width: 729px) 100vw, 729px\" \/>\t\t\t\t\t\t\t\t<\/a>\n\t\t\t\t\t\t\t\t\t\t\t\t\t\t\t<\/div>\n\t\t\t\t<\/div>\n\t\t\t\t<div class=\"elementor-element elementor-element-147a068 elementor-widget elementor-widget-text-editor\" data-id=\"147a068\" data-element_type=\"widget\" data-widget_type=\"text-editor.default\">\n\t\t\t\t<div class=\"elementor-widget-container\">\n\t\t\t\t\t\t\t\t\t<span style=\"color: #000000;\"><a style=\"color: #000000;\" href=\"#\">WILD'N FAMOUS<\/a><\/span>\t\t\t\t\t\t\t\t<\/div>\n\t\t\t\t<\/div>\n\t\t\t\t<\/div>\n\t\t<div class=\"elementor-element elementor-element-ff13935 e-con-full e-flex e-con e-child\" data-id=\"ff13935\" data-element_type=\"container\">\n\t\t\t\t<div class=\"elementor-element elementor-element-f02918f elementor-widget__width-inherit elementor-widget elementor-widget-image\" data-id=\"f02918f\" data-element_type=\"widget\" data-widget_type=\"image.default\">\n\t\t\t\t<div class=\"elementor-widget-container\">\n\t\t\t\t\t\t\t\t\t\t\t\t\t\t\t\t<a href=\"#\">\n\t\t\t\t\t\t\t<img loading=\"lazy\" decoding=\"async\" width=\"729\" height=\"915\" src=\"https:\/\/sotol.com\/wp-content\/uploads\/2025\/04\/005_img_mixology.png\" class=\"elementor-animation-grow attachment-full size-full wp-image-7880\" alt=\"\" srcset=\"https:\/\/sotol.com\/wp-content\/uploads\/2025\/04\/005_img_mixology.png 729w, https:\/\/sotol.com\/wp-content\/uploads\/2025\/04\/005_img_mixology-239x300.png 239w, https:\/\/sotol.com\/wp-content\/uploads\/2025\/04\/005_img_mixology-10x12.png 10w, https:\/\/sotol.com\/wp-content\/uploads\/2025\/04\/005_img_mixology-300x377.png 300w, https:\/\/sotol.com\/wp-content\/uploads\/2025\/04\/005_img_mixology-600x753.png 600w\" sizes=\"(max-width: 729px) 100vw, 729px\" \/>\t\t\t\t\t\t\t\t<\/a>\n\t\t\t\t\t\t\t\t\t\t\t\t\t\t\t<\/div>\n\t\t\t\t<\/div>\n\t\t\t\t<div class=\"elementor-element elementor-element-4ed00e8 elementor-widget elementor-widget-text-editor\" data-id=\"4ed00e8\" data-element_type=\"widget\" data-widget_type=\"text-editor.default\">\n\t\t\t\t<div class=\"elementor-widget-container\">\n\t\t\t\t\t\t\t\t\t<span style=\"color: #000000;\"><a style=\"color: #000000;\" href=\"#\">HACIENDA NEGRONI<\/a><\/span>\t\t\t\t\t\t\t\t<\/div>\n\t\t\t\t<\/div>\n\t\t\t\t<\/div>\n\t\t<div class=\"elementor-element elementor-element-e251b72 e-con-full e-flex e-con e-child\" data-id=\"e251b72\" data-element_type=\"container\">\n\t\t\t\t<div class=\"elementor-element elementor-element-a8e1bd7 elementor-widget__width-inherit elementor-widget elementor-widget-image\" data-id=\"a8e1bd7\" data-element_type=\"widget\" data-widget_type=\"image.default\">\n\t\t\t\t<div class=\"elementor-widget-container\">\n\t\t\t\t\t\t\t\t\t\t\t\t\t\t\t\t<a href=\"#\">\n\t\t\t\t\t\t\t<img loading=\"lazy\" decoding=\"async\" width=\"419\" height=\"521\" src=\"https:\/\/sotol.com\/wp-content\/uploads\/2025\/04\/SUNSET-MARTINI-Sotol-Hacienda-de-Chihuahua.png\" class=\"elementor-animation-grow attachment-full size-full wp-image-7706\" alt=\"\" srcset=\"https:\/\/sotol.com\/wp-content\/uploads\/2025\/04\/SUNSET-MARTINI-Sotol-Hacienda-de-Chihuahua.png 419w, https:\/\/sotol.com\/wp-content\/uploads\/2025\/04\/SUNSET-MARTINI-Sotol-Hacienda-de-Chihuahua-241x300.png 241w, https:\/\/sotol.com\/wp-content\/uploads\/2025\/04\/SUNSET-MARTINI-Sotol-Hacienda-de-Chihuahua-10x12.png 10w, https:\/\/sotol.com\/wp-content\/uploads\/2025\/04\/SUNSET-MARTINI-Sotol-Hacienda-de-Chihuahua-300x373.png 300w\" sizes=\"(max-width: 419px) 100vw, 419px\" \/>\t\t\t\t\t\t\t\t<\/a>\n\t\t\t\t\t\t\t\t\t\t\t\t\t\t\t<\/div>\n\t\t\t\t<\/div>\n\t\t\t\t<div class=\"elementor-element elementor-element-00596e9 elementor-widget elementor-widget-text-editor\" data-id=\"00596e9\" data-element_type=\"widget\" data-widget_type=\"text-editor.default\">\n\t\t\t\t<div class=\"elementor-widget-container\">\n\t\t\t\t\t\t\t\t\t<span style=\"color: #000000;\"><a style=\"color: #000000;\" href=\"#\">SUNSET MARTINI<\/a><\/span>\t\t\t\t\t\t\t\t<\/div>\n\t\t\t\t<\/div>\n\t\t\t\t<\/div>\n\t\t\t\t<\/div>\n\t\t\t\t<\/div>\n\t\t\t\t<\/div>\n\t\t\t\t<\/div>\n\t\t<div class=\"elementor-element elementor-element-8ddbdd7 e-con-full e-flex e-con e-parent\" data-id=\"8ddbdd7\" data-element_type=\"container\">\n\t\t\t\t<div class=\"elementor-element elementor-element-d642750 elementor-widget__width-inherit elementor-widget elementor-widget-image\" data-id=\"d642750\" data-element_type=\"widget\" data-widget_type=\"image.default\">\n\t\t\t\t<div class=\"elementor-widget-container\">\n\t\t\t\t\t\t\t\t\t\t\t\t\t\t\t<img loading=\"lazy\" decoding=\"async\" width=\"1924\" height=\"400\" src=\"https:\/\/sotol.com\/wp-content\/uploads\/2025\/04\/Our-Certificacions-Sotol-Hacienda-de-Chihuahua-Ingles.png\" class=\"attachment-full size-full wp-image-7724\" alt=\"\" srcset=\"https:\/\/sotol.com\/wp-content\/uploads\/2025\/04\/Our-Certificacions-Sotol-Hacienda-de-Chihuahua-Ingles.png 1924w, https:\/\/sotol.com\/wp-content\/uploads\/2025\/04\/Our-Certificacions-Sotol-Hacienda-de-Chihuahua-Ingles-300x62.png 300w, https:\/\/sotol.com\/wp-content\/uploads\/2025\/04\/Our-Certificacions-Sotol-Hacienda-de-Chihuahua-Ingles-1024x213.png 1024w, https:\/\/sotol.com\/wp-content\/uploads\/2025\/04\/Our-Certificacions-Sotol-Hacienda-de-Chihuahua-Ingles-768x160.png 768w, https:\/\/sotol.com\/wp-content\/uploads\/2025\/04\/Our-Certificacions-Sotol-Hacienda-de-Chihuahua-Ingles-1536x319.png 1536w, https:\/\/sotol.com\/wp-content\/uploads\/2025\/04\/Our-Certificacions-Sotol-Hacienda-de-Chihuahua-Ingles-18x4.png 18w, https:\/\/sotol.com\/wp-content\/uploads\/2025\/04\/Our-Certificacions-Sotol-Hacienda-de-Chihuahua-Ingles-600x125.png 600w\" sizes=\"(max-width: 1924px) 100vw, 1924px\" \/>\t\t\t\t\t\t\t\t\t\t\t\t\t\t\t<\/div>\n\t\t\t\t<\/div>\n\t\t\t\t<\/div>\n\t\t\t\t<\/div>","protected":false},"excerpt":{"rendered":"<p>SOTOL MANZANA BRAVA 2 oz sotol plata1 oz fresh green apple juice \u00bd oz fresh lime juice\u00bd oz honey syrup (1:1 honey and warm water) or agave syrupSparkling water or club soda1 cinnamon stick (for flaming)Thin apple slices for garnish PREPARE THE GLASSFill a highball glass with ice. MIX THE BASEIn a shaker, combine all [&hellip;]<\/p>","protected":false},"author":1,"featured_media":0,"parent":7623,"menu_order":0,"comment_status":"closed","ping_status":"closed","template":"elementor_header_footer","meta":{"footnotes":""},"class_list":["post-7689","page","type-page","status-publish","hentry"],"rttpg_featured_image_url":null,"rttpg_author":{"display_name":"StudioVainilla","author_link":"https:\/\/sotol.com\/es\/author\/studiovainilla\/"},"rttpg_comment":0,"rttpg_category":null,"rttpg_excerpt":"SOTOL MANZANA BRAVA 2 oz sotol plata1 oz fresh green apple juice \u00bd oz fresh lime juice\u00bd oz honey syrup (1:1 honey and warm water) or agave syrupSparkling water or club soda1 cinnamon stick (for flaming)Thin apple slices for garnish PREPARE THE GLASSFill a highball glass with ice. MIX THE BASEIn a shaker, combine all&hellip;","_links":{"self":[{"href":"https:\/\/sotol.com\/es\/wp-json\/wp\/v2\/pages\/7689","targetHints":{"allow":["GET"]}}],"collection":[{"href":"https:\/\/sotol.com\/es\/wp-json\/wp\/v2\/pages"}],"about":[{"href":"https:\/\/sotol.com\/es\/wp-json\/wp\/v2\/types\/page"}],"author":[{"embeddable":true,"href":"https:\/\/sotol.com\/es\/wp-json\/wp\/v2\/users\/1"}],"replies":[{"embeddable":true,"href":"https:\/\/sotol.com\/es\/wp-json\/wp\/v2\/comments?post=7689"}],"version-history":[{"count":0,"href":"https:\/\/sotol.com\/es\/wp-json\/wp\/v2\/pages\/7689\/revisions"}],"up":[{"embeddable":true,"href":"https:\/\/sotol.com\/es\/wp-json\/wp\/v2\/pages\/7623"}],"wp:attachment":[{"href":"https:\/\/sotol.com\/es\/wp-json\/wp\/v2\/media?parent=7689"}],"curies":[{"name":"wp","href":"https:\/\/api.w.org\/{rel}","templated":true}]}}