{"id":7276,"date":"2025-03-21T12:44:02","date_gmt":"2025-03-21T18:44:02","guid":{"rendered":"https:\/\/sotol.com\/?page_id=7276"},"modified":"2025-03-21T16:23:06","modified_gmt":"2025-03-21T22:23:06","slug":"my-account","status":"publish","type":"page","link":"https:\/\/sotol.com\/es\/my-account\/","title":{"rendered":"Mi cuenta"},"content":{"rendered":"<div data-elementor-type=\"wp-page\" data-elementor-id=\"7276\" class=\"elementor elementor-7276\" data-elementor-post-type=\"page\">\n\t\t\t\t<div class=\"elementor-element elementor-element-1ae2bab e-con-full e-flex e-con e-parent\" data-id=\"1ae2bab\" data-element_type=\"container\">\n\t\t<div class=\"elementor-element elementor-element-f711811 e-con-full e-flex e-con e-child\" data-id=\"f711811\" data-element_type=\"container\" data-settings=\"{&quot;background_background&quot;:&quot;video&quot;,&quot;background_video_link&quot;:&quot;https:\\\/\\\/sotol.com\\\/wp-content\\\/uploads\\\/2025\\\/03\\\/ABOUT-SOTOL-1.mp4&quot;,&quot;background_video_start&quot;:0,&quot;background_play_on_mobile&quot;:&quot;yes&quot;}\">\n\t\t<div class=\"elementor-background-video-container\">\n\t\t\t\t\t\t\t<video class=\"elementor-background-video-hosted\" autoplay muted playsinline loop><\/video>\n\t\t\t\t\t<\/div>\t\t<div class=\"elementor-element elementor-element-ceac7a4 animated-slow elementor-invisible elementor-widget elementor-widget-text-editor\" data-id=\"ceac7a4\" data-element_type=\"widget\" data-settings=\"{&quot;_animation&quot;:&quot;fadeIn&quot;}\" data-widget_type=\"text-editor.default\">\n\t\t\t\t<div class=\"elementor-widget-container\">\n\t\t\t\t\t\t\t\t\t<p style=\"text-align: center;\"><span style=\"font-family: 'Colonna MT';\">Mi cuenta<\/span><\/p>\t\t\t\t\t\t\t\t<\/div>\n\t\t\t\t<\/div>\n\t\t\t\t<\/div>\n\t\t\t\t<\/div>\n\t\t<div class=\"elementor-element elementor-element-3f04153 e-flex e-con-boxed e-con e-parent\" data-id=\"3f04153\" data-element_type=\"container\">\n\t\t\t\t\t<div class=\"e-con-inner\">\n\t\t\t\t<div class=\"elementor-element elementor-element-be8f2a7 e-my-account-tabs-vertical elementor-widget elementor-widget-woocommerce-my-account\" data-id=\"be8f2a7\" data-element_type=\"widget\" data-settings=\"{&quot;forms_buttons_hover_animation&quot;:&quot;grow&quot;,&quot;tables_button_hover_animation&quot;:&quot;grow&quot;}\" data-widget_type=\"woocommerce-my-account.default\">\n\t\t\t\t<div class=\"elementor-widget-container\">\n\t\t\t\t\t<div class=\"e-my-account-tab e-my-account-tab__\">\t\t\t<div class=\"woocommerce\"><\/div>\t\t<\/div>\n\t\t\t\t\t\t<\/div>\n\t\t\t\t<\/div>\n\t\t\t\t\t<\/div>\n\t\t\t\t<\/div>\n\t\t<div class=\"elementor-element elementor-element-f33afc0 e-flex e-con-boxed e-con e-parent\" data-id=\"f33afc0\" data-element_type=\"container\">\n\t\t\t\t\t<div class=\"e-con-inner\">\n\t\t<div class=\"elementor-element elementor-element-b062524 e-con-full e-flex e-con e-child\" data-id=\"b062524\" data-element_type=\"container\">\n\t\t\t\t<div class=\"elementor-element elementor-element-a886b3d elementor-widget-divider--view-line elementor-widget elementor-widget-divider\" data-id=\"a886b3d\" data-element_type=\"widget\" data-widget_type=\"divider.default\">\n\t\t\t\t<div class=\"elementor-widget-container\">\n\t\t\t\t\t\t\t<div class=\"elementor-divider\">\n\t\t\t<span class=\"elementor-divider-separator\">\n\t\t\t\t\t\t<\/span>\n\t\t<\/div>\n\t\t\t\t\t\t<\/div>\n\t\t\t\t<\/div>\n\t\t\t\t<div class=\"elementor-element elementor-element-debd6d8 elementor-widget elementor-widget-text-editor\" data-id=\"debd6d8\" data-element_type=\"widget\" data-widget_type=\"text-editor.default\">\n\t\t\t\t<div class=\"elementor-widget-container\">\n\t\t\t\t\t\t\t\t\t<p style=\"text-align: center;\"><span style=\"font-family: 'Colonna MT';\">EXPLORE NUESTROS SOTOLES<\/span><\/p>\t\t\t\t\t\t\t\t<\/div>\n\t\t\t\t<\/div>\n\t\t\t\t<div class=\"elementor-element elementor-element-15fae8c elementor-view-default elementor-widget elementor-widget-icon\" data-id=\"15fae8c\" data-element_type=\"widget\" data-widget_type=\"icon.default\">\n\t\t\t\t<div class=\"elementor-widget-container\">\n\t\t\t\t\t\t\t<div class=\"elementor-icon-wrapper\">\n\t\t\t<div class=\"elementor-icon\">\n\t\t\t<svg xmlns=\"http:\/\/www.w3.org\/2000\/svg\" id=\"Capa_2\" data-name=\"Capa 2\" viewbox=\"0 0 143.18 20.94\"><defs><style>      .cls-1 {        fill: #2c2516;      }    <\/style><\/defs><g id=\"Capa_1-2\" data-name=\"Capa 1\"><path class=\"cls-1\" d=\"M101.73,10.94c-.27,1.36-.93,2.75-2,4.16-1.07,1.41-2.32,2.59-3.76,3.54-1.44.95-2.73,1.42-3.89,1.42-1.69,0-3.36-.92-5.02-2.76-3.91,2.43-7.1,3.65-9.56,3.65-.86,0-1.65-.2-2.38-.6-.73-.4-1.53-1.13-2.42-2.2-3.76,1.87-6.86,2.8-9.29,2.8-1.22,0-2.22-.23-3-.69-.79-.46-1.7-1.4-2.73-2.82-1.04-1.42-2.56-3.76-4.58-7.03-1.22-2.05-2.3-3.5-3.25-4.36-.95-.86-1.93-1.29-2.93-1.29-.95,0-1.72.33-2.31.98-.59.65-.89,1.51-.89,2.58,0,.68.19,1.35.58,2-.62.95-1.2,1.73-1.73,2.36-2.61.27-4.68.4-6.23.4-.27,0-.51,0-.73-.02-.22-.01-.53-.02-.91-.02h-11.25c-5.13,0-9.24.12-12.34.36-3.1.24-6.62.73-10.56,1.47l-.53-1.02c.53-.89,1-1.57,1.4-2.05.4-.47,1.15-1.19,2.25-2.13,2.1-.18,3.84-.27,5.2-.27,1.13,0,5.34.2,12.63.6,7.29.4,11.74.6,13.34.6,2.22,0,4-.06,5.34-.18.09-1.51.4-2.7.93-3.58.53-.87,1.47-1.76,2.8-2.65,2.99-2.1,5.34-3.16,7.03-3.16.89,0,1.76.33,2.6.98.84.65,1.83,1.81,2.96,3.47,3.5-3.23,6.39-4.85,8.67-4.85.92,0,1.76.27,2.51.8.76.53,1.64,1.56,2.65,3.07,2.05-1.69,3.67-2.86,4.87-3.51,1.2-.65,2.29-.98,3.27-.98,1.16,0,2.05.13,2.67.4s1.44,1.06,2.45,2.38c1.01,1.32,2.39,3.4,4.14,6.25,1.75,2.85,3.17,4.82,4.27,5.91,1.1,1.1,2.13,1.65,3.11,1.65.83,0,1.53-.36,2.09-1.07.56-.71.84-1.54.84-2.49,0-.83-.28-1.59-.84-2.27.59-.86,1.3-1.67,2.13-2.45.65-.09,4.59-.13,11.83-.13,9.99,0,16.88-.14,20.68-.42,3.79-.28,7.43-.93,10.89-1.93l.49.76c-.8,1.84-1.78,3.38-2.93,4.62-1.07.12-2.22.22-3.47.31-1.25.09-2.73.13-4.45.13-2.22,0-3.79-.01-4.71-.04-.92-.03-2.87-.12-5.85-.27-2.98-.15-4.56-.22-4.74-.22-3.91-.18-7.53-.27-10.85-.27-2.31,0-3.79.03-4.45.09ZM72.03,17.03c-.62-.74-1.25-1.58-1.87-2.51s-1.45-2.21-2.49-3.82c-1.04-1.62-1.68-2.6-1.91-2.96-1.36-2.05-2.92-3.07-4.67-3.07-.92,0-2.25.58-4,1.73.06.09.98,1.54,2.76,4.36,1.51,2.43,2.63,4.11,3.36,5.05.73.93,1.41,1.59,2.05,1.96.64.37,1.42.56,2.33.56,1.27,0,2.76-.43,4.45-1.29ZM70.88,5.11c.3.39,1.66,2.51,4.09,6.36,1.1,1.75,2,3.06,2.71,3.93.71.87,1.36,1.5,1.96,1.89.59.39,1.24.58,1.96.58s2.33-.43,4.85-1.29c-1.57-1.87-3.88-5.17-6.94-9.92-.74-1.22-1.42-2.04-2.02-2.47-.61-.43-1.36-.64-2.25-.64-1.01,0-2.46.52-4.36,1.56Z\"><\/path><\/g><\/svg>\t\t\t<\/div>\n\t\t<\/div>\n\t\t\t\t\t\t<\/div>\n\t\t\t\t<\/div>\n\t\t<div class=\"elementor-element elementor-element-7ffe4b6 e-con-full e-flex e-con e-child\" data-id=\"7ffe4b6\" data-element_type=\"container\">\n\t\t\t\t<div class=\"elementor-element elementor-element-f48f953 elementor-product-loop-item--align-center elementor-grid-4 elementor-grid-tablet-3 elementor-grid-mobile-2 elementor-products-grid elementor-wc-products elementor-show-pagination-border-yes elementor-widget elementor-widget-woocommerce-products\" data-id=\"f48f953\" data-element_type=\"widget\" data-widget_type=\"woocommerce-products.default\">\n\t\t\t\t<div class=\"elementor-widget-container\">\n\t\t\t\t\t<div class=\"woocommerce columns-4\"><div class=\"woocommerce-notices-wrapper\"><\/div><ul class=\"products elementor-grid columns-4\">\n<li class=\"product type-product post-5104 status-publish first instock product_cat-sencillos has-post-thumbnail shipping-taxable purchasable product-type-simple\">\n\t<a href=\"https:\/\/sotol.com\/es\/producto\/sotol-plata\/\" class=\"woocommerce-LoopProduct-link woocommerce-loop-product__link\"><img fetchpriority=\"high\" decoding=\"async\" width=\"300\" height=\"408\" src=\"https:\/\/sotol.com\/wp-content\/uploads\/2021\/11\/SOTOL-HACIENDA-21-ENE2072-scaled-e1744693697223-300x408.jpg\" class=\"attachment-woocommerce_thumbnail size-woocommerce_thumbnail\" alt=\"SOTOL PLATA\" srcset=\"https:\/\/sotol.com\/wp-content\/uploads\/2021\/11\/SOTOL-HACIENDA-21-ENE2072-scaled-e1744693697223-300x408.jpg 300w, https:\/\/sotol.com\/wp-content\/uploads\/2021\/11\/SOTOL-HACIENDA-21-ENE2072-scaled-e1744693697223-220x300.jpg 220w, https:\/\/sotol.com\/wp-content\/uploads\/2021\/11\/SOTOL-HACIENDA-21-ENE2072-scaled-e1744693697223-752x1024.jpg 752w, https:\/\/sotol.com\/wp-content\/uploads\/2021\/11\/SOTOL-HACIENDA-21-ENE2072-scaled-e1744693697223-768x1045.jpg 768w, https:\/\/sotol.com\/wp-content\/uploads\/2021\/11\/SOTOL-HACIENDA-21-ENE2072-scaled-e1744693697223-1128x1536.jpg 1128w, https:\/\/sotol.com\/wp-content\/uploads\/2021\/11\/SOTOL-HACIENDA-21-ENE2072-scaled-e1744693697223-9x12.jpg 9w, https:\/\/sotol.com\/wp-content\/uploads\/2021\/11\/SOTOL-HACIENDA-21-ENE2072-scaled-e1744693697223-600x817.jpg 600w, https:\/\/sotol.com\/wp-content\/uploads\/2021\/11\/SOTOL-HACIENDA-21-ENE2072-scaled-e1744693697223.jpg 1254w\" sizes=\"(max-width: 300px) 100vw, 300px\" \/><h2 class=\"woocommerce-loop-product__title\">SOTOL PLATA<\/h2>\n\t<span class=\"price\"><span class=\"woocommerce-Price-amount amount\"><bdi><span class=\"woocommerce-Price-currencySymbol\">&#36;<\/span>719.99<\/bdi><\/span><\/span>\n<\/a><a href=\"?add-to-cart=5104\" aria-describedby=\"woocommerce_loop_add_to_cart_link_describedby_5104\" data-quantity=\"1\" class=\"button product_type_simple add_to_cart_button ajax_add_to_cart\" data-product_id=\"5104\" data-product_sku=\"631160817711\" aria-label=\"A\u00f1adir a la cesta: &quot;SOTOL PLATA&quot;\" rel=\"nofollow\" data-success_message=\"&quot;SOTOL PLATA&quot; se ha a\u00f1adido a tu carrito\" data-no-translation=\"\" data-trp-gettext=\"\" data-no-translation-aria-label=\"\" data-no-translation-data-success_message=\"\">A\u00f1adir al carrito<\/a>\t<span id=\"woocommerce_loop_add_to_cart_link_describedby_5104\" class=\"screen-reader-text\">\n\t\t\t<\/span>\n<\/li>\n<li class=\"product type-product post-5108 status-publish instock product_cat-sencillos has-post-thumbnail shipping-taxable purchasable product-type-simple\">\n\t<a href=\"https:\/\/sotol.com\/es\/producto\/crema-de-sotol-chocolate\/\" class=\"woocommerce-LoopProduct-link woocommerce-loop-product__link\"><img decoding=\"async\" width=\"300\" height=\"408\" src=\"https:\/\/sotol.com\/wp-content\/uploads\/2021\/11\/SOTOL-HACIENDA-21-ENE2107-scaled-e1744693831600-300x408.jpg\" class=\"attachment-woocommerce_thumbnail size-woocommerce_thumbnail\" alt=\"CREMA DE SOTOL CHOCOLATE\" srcset=\"https:\/\/sotol.com\/wp-content\/uploads\/2021\/11\/SOTOL-HACIENDA-21-ENE2107-scaled-e1744693831600-300x408.jpg 300w, https:\/\/sotol.com\/wp-content\/uploads\/2021\/11\/SOTOL-HACIENDA-21-ENE2107-scaled-e1744693831600-220x300.jpg 220w, https:\/\/sotol.com\/wp-content\/uploads\/2021\/11\/SOTOL-HACIENDA-21-ENE2107-scaled-e1744693831600-752x1024.jpg 752w, https:\/\/sotol.com\/wp-content\/uploads\/2021\/11\/SOTOL-HACIENDA-21-ENE2107-scaled-e1744693831600-768x1045.jpg 768w, https:\/\/sotol.com\/wp-content\/uploads\/2021\/11\/SOTOL-HACIENDA-21-ENE2107-scaled-e1744693831600-1128x1536.jpg 1128w, https:\/\/sotol.com\/wp-content\/uploads\/2021\/11\/SOTOL-HACIENDA-21-ENE2107-scaled-e1744693831600-9x12.jpg 9w, https:\/\/sotol.com\/wp-content\/uploads\/2021\/11\/SOTOL-HACIENDA-21-ENE2107-scaled-e1744693831600-600x817.jpg 600w, https:\/\/sotol.com\/wp-content\/uploads\/2021\/11\/SOTOL-HACIENDA-21-ENE2107-scaled-e1744693831600.jpg 1254w\" sizes=\"(max-width: 300px) 100vw, 300px\" \/><h2 class=\"woocommerce-loop-product__title\">CREMA DE CHOCOLATE SOTOL<\/h2>\n\t<span class=\"price\"><span class=\"woocommerce-Price-amount amount\"><bdi><span class=\"woocommerce-Price-currencySymbol\">&#36;<\/span>629.99<\/bdi><\/span><\/span>\n<\/a><a href=\"?add-to-cart=5108\" aria-describedby=\"woocommerce_loop_add_to_cart_link_describedby_5108\" data-quantity=\"1\" class=\"button product_type_simple add_to_cart_button ajax_add_to_cart\" data-product_id=\"5108\" data-product_sku=\"631160817650\" aria-label=\"A\u00f1adir a la cesta: &quot;CREMA DE SOTOL CHOCOLATE&quot;\" rel=\"nofollow\" data-success_message=\"&quot;CREMA DE SOTOL CHOCOLATE&quot; se ha a\u00f1adido a tu carrito\" data-no-translation=\"\" data-trp-gettext=\"\" data-no-translation-aria-label=\"\" data-no-translation-data-success_message=\"\">A\u00f1adir al carrito<\/a>\t<span id=\"woocommerce_loop_add_to_cart_link_describedby_5108\" class=\"screen-reader-text\">\n\t\t\t<\/span>\n<\/li>\n<li class=\"product type-product post-5109 status-publish instock product_cat-sencillos has-post-thumbnail shipping-taxable purchasable product-type-simple\">\n\t<a href=\"https:\/\/sotol.com\/es\/producto\/sotol-anejo\/\" class=\"woocommerce-LoopProduct-link woocommerce-loop-product__link\"><img decoding=\"async\" width=\"300\" height=\"408\" src=\"https:\/\/sotol.com\/wp-content\/uploads\/2021\/11\/SOTOL-HACIENDA-21-ENE0018-scaled-e1744693460133-300x408.jpg\" class=\"attachment-woocommerce_thumbnail size-woocommerce_thumbnail\" alt=\"SOTOL A\u00d1EJO\" srcset=\"https:\/\/sotol.com\/wp-content\/uploads\/2021\/11\/SOTOL-HACIENDA-21-ENE0018-scaled-e1744693460133-300x408.jpg 300w, https:\/\/sotol.com\/wp-content\/uploads\/2021\/11\/SOTOL-HACIENDA-21-ENE0018-scaled-e1744693460133-220x300.jpg 220w, https:\/\/sotol.com\/wp-content\/uploads\/2021\/11\/SOTOL-HACIENDA-21-ENE0018-scaled-e1744693460133-752x1024.jpg 752w, https:\/\/sotol.com\/wp-content\/uploads\/2021\/11\/SOTOL-HACIENDA-21-ENE0018-scaled-e1744693460133-768x1045.jpg 768w, https:\/\/sotol.com\/wp-content\/uploads\/2021\/11\/SOTOL-HACIENDA-21-ENE0018-scaled-e1744693460133-1128x1536.jpg 1128w, https:\/\/sotol.com\/wp-content\/uploads\/2021\/11\/SOTOL-HACIENDA-21-ENE0018-scaled-e1744693460133-9x12.jpg 9w, https:\/\/sotol.com\/wp-content\/uploads\/2021\/11\/SOTOL-HACIENDA-21-ENE0018-scaled-e1744693460133-600x817.jpg 600w, https:\/\/sotol.com\/wp-content\/uploads\/2021\/11\/SOTOL-HACIENDA-21-ENE0018-scaled-e1744693460133.jpg 1254w\" sizes=\"(max-width: 300px) 100vw, 300px\" \/><h2 class=\"woocommerce-loop-product__title\">SOTOL A\u00d1EJO<\/h2>\n\t<span class=\"price\"><span class=\"woocommerce-Price-amount amount\"><bdi><span class=\"woocommerce-Price-currencySymbol\">&#36;<\/span>949.99<\/bdi><\/span><\/span>\n<\/a><a href=\"?add-to-cart=5109\" aria-describedby=\"woocommerce_loop_add_to_cart_link_describedby_5109\" data-quantity=\"1\" class=\"button product_type_simple add_to_cart_button ajax_add_to_cart\" data-product_id=\"5109\" data-product_sku=\"631160817810\" aria-label=\"A\u00f1adir a la cesta: &quot;SOTOL A\u00d1EJO&quot;\" rel=\"nofollow\" data-success_message=\"&quot;SOTOL A\u00d1EJO&quot; se ha a\u00f1adido a tu carrito\" data-no-translation=\"\" data-trp-gettext=\"\" data-no-translation-aria-label=\"\" data-no-translation-data-success_message=\"\">A\u00f1adir al carrito<\/a>\t<span id=\"woocommerce_loop_add_to_cart_link_describedby_5109\" class=\"screen-reader-text\">\n\t\t\t<\/span>\n<\/li>\n<li class=\"product type-product post-5110 status-publish last instock product_cat-sencillos has-post-thumbnail shipping-taxable purchasable product-type-simple\">\n\t<a href=\"https:\/\/sotol.com\/es\/producto\/sotol-reposado\/\" class=\"woocommerce-LoopProduct-link woocommerce-loop-product__link\"><img loading=\"lazy\" decoding=\"async\" width=\"300\" height=\"408\" src=\"https:\/\/sotol.com\/wp-content\/uploads\/2021\/11\/SOTOL-HACIENDA-21-ENE2096-scaled-e1744693289236-300x408.jpg\" class=\"attachment-woocommerce_thumbnail size-woocommerce_thumbnail\" alt=\"SOTOL REPOSADO\" srcset=\"https:\/\/sotol.com\/wp-content\/uploads\/2021\/11\/SOTOL-HACIENDA-21-ENE2096-scaled-e1744693289236-300x408.jpg 300w, https:\/\/sotol.com\/wp-content\/uploads\/2021\/11\/SOTOL-HACIENDA-21-ENE2096-scaled-e1744693289236-220x300.jpg 220w, https:\/\/sotol.com\/wp-content\/uploads\/2021\/11\/SOTOL-HACIENDA-21-ENE2096-scaled-e1744693289236-752x1024.jpg 752w, https:\/\/sotol.com\/wp-content\/uploads\/2021\/11\/SOTOL-HACIENDA-21-ENE2096-scaled-e1744693289236-768x1045.jpg 768w, https:\/\/sotol.com\/wp-content\/uploads\/2021\/11\/SOTOL-HACIENDA-21-ENE2096-scaled-e1744693289236-1128x1536.jpg 1128w, https:\/\/sotol.com\/wp-content\/uploads\/2021\/11\/SOTOL-HACIENDA-21-ENE2096-scaled-e1744693289236-9x12.jpg 9w, https:\/\/sotol.com\/wp-content\/uploads\/2021\/11\/SOTOL-HACIENDA-21-ENE2096-scaled-e1744693289236-600x817.jpg 600w, https:\/\/sotol.com\/wp-content\/uploads\/2021\/11\/SOTOL-HACIENDA-21-ENE2096-scaled-e1744693289236.jpg 1254w\" sizes=\"(max-width: 300px) 100vw, 300px\" \/><h2 class=\"woocommerce-loop-product__title\">SOTOL REPOSADO<\/h2>\n\t<span class=\"price\"><span class=\"woocommerce-Price-amount amount\"><bdi><span class=\"woocommerce-Price-currencySymbol\">&#36;<\/span>829.99<\/bdi><\/span><\/span>\n<\/a><a href=\"?add-to-cart=5110\" aria-describedby=\"woocommerce_loop_add_to_cart_link_describedby_5110\" data-quantity=\"1\" class=\"button product_type_simple add_to_cart_button ajax_add_to_cart\" data-product_id=\"5110\" data-product_sku=\"631160817919\" aria-label=\"A\u00f1adir a la cesta: &quot;SOTOL REPOSADO&quot;\" rel=\"nofollow\" data-success_message=\"&quot;SOTOL REPOSADO&quot; se ha a\u00f1adido a tu carrito\" data-no-translation=\"\" data-trp-gettext=\"\" data-no-translation-aria-label=\"\" data-no-translation-data-success_message=\"\">A\u00f1adir al carrito<\/a>\t<span id=\"woocommerce_loop_add_to_cart_link_describedby_5110\" class=\"screen-reader-text\">\n\t\t\t<\/span>\n<\/li>\n<\/ul>\n<nav class=\"woocommerce-pagination\" aria-label=\"Paginaci\u00f3n de productos\" data-no-translation-aria-label=\"\">\n\t<ul class='page-numbers'>\n\t<li><span aria-label=\"P\u00e1gina 1\" aria-current=\"page\" class=\"page-numbers current\" data-no-translation-aria-label=\"\">1<\/span><\/li>\n\t<li><a aria-label=\"P\u00e1gina 2\" class=\"page-numbers\" href=\"\/es\/wp-json\/wp\/v2\/pages\/7276?product-page=2\" data-no-translation-aria-label=\"\">2<\/a><\/li>\n\t<li><a aria-label=\"P\u00e1gina 3\" class=\"page-numbers\" href=\"\/es\/wp-json\/wp\/v2\/pages\/7276?product-page=3\" data-no-translation-aria-label=\"\">3<\/a><\/li>\n\t<li><a class=\"next page-numbers\" href=\"\/es\/wp-json\/wp\/v2\/pages\/7276?product-page=2\">\u2192<\/a><\/li>\n<\/ul>\n<\/nav>\n<\/div>\t\t\t\t<\/div>\n\t\t\t\t<\/div>\n\t\t\t\t<\/div>\n\t\t\t\t<\/div>\n\t\t\t\t\t<\/div>\n\t\t\t\t<\/div>\n\t\t\t\t<\/div>","protected":false},"excerpt":{"rendered":"<p>Panel de Mi Cuenta Pedidos Descargas Direcciones Detalles de Cuenta Mis Puntos y Recompensas Salir Hola StudioVainilla (\u00bfNo eres StudioVainilla? Sal) Desde el panel de tu cuenta puedes ver tus pedidos recientes, gestionar tus direcciones de env\u00edo y facturaci\u00f3n, y editar tu contrase\u00f1a y los detalles de tu cuenta. EXPLORA NUESTROS SOTOLS<\/p>","protected":false},"author":1,"featured_media":0,"parent":0,"menu_order":0,"comment_status":"closed","ping_status":"closed","template":"elementor_header_footer","meta":{"footnotes":""},"class_list":["post-7276","page","type-page","status-publish","hentry"],"rttpg_featured_image_url":null,"rttpg_author":{"display_name":"StudioVainilla","author_link":"https:\/\/sotol.com\/es\/author\/studiovainilla\/"},"rttpg_comment":0,"rttpg_category":null,"rttpg_excerpt":"My Account Dashboard Orders Downloads Addresses Account Details My Points &amp; Rewards Logout Hello StudioVainilla (not StudioVainilla? Log out) From your account dashboard you can view your recent orders, manage your shipping and billing addresses, and edit your password and account details. EXPLORE OUR SOTOLS","_links":{"self":[{"href":"https:\/\/sotol.com\/es\/wp-json\/wp\/v2\/pages\/7276","targetHints":{"allow":["GET"]}}],"collection":[{"href":"https:\/\/sotol.com\/es\/wp-json\/wp\/v2\/pages"}],"about":[{"href":"https:\/\/sotol.com\/es\/wp-json\/wp\/v2\/types\/page"}],"author":[{"embeddable":true,"href":"https:\/\/sotol.com\/es\/wp-json\/wp\/v2\/users\/1"}],"replies":[{"embeddable":true,"href":"https:\/\/sotol.com\/es\/wp-json\/wp\/v2\/comments?post=7276"}],"version-history":[{"count":0,"href":"https:\/\/sotol.com\/es\/wp-json\/wp\/v2\/pages\/7276\/revisions"}],"wp:attachment":[{"href":"https:\/\/sotol.com\/es\/wp-json\/wp\/v2\/media?parent=7276"}],"curies":[{"name":"wp","href":"https:\/\/api.w.org\/{rel}","templated":true}]}}