{"id":7119,"date":"2025-03-20T18:31:08","date_gmt":"2025-03-21T00:31:08","guid":{"rendered":"https:\/\/sotol.com\/?page_id=7119"},"modified":"2025-09-11T09:34:26","modified_gmt":"2025-09-11T15:34:26","slug":"press","status":"publish","type":"page","link":"https:\/\/sotol.com\/es\/press\/","title":{"rendered":"Prensa"},"content":{"rendered":"<div data-elementor-type=\"wp-page\" data-elementor-id=\"7119\" class=\"elementor elementor-7119\" data-elementor-post-type=\"page\">\n\t\t\t\t<div class=\"elementor-element elementor-element-a62000e e-con-full e-flex e-con e-parent\" data-id=\"a62000e\" data-element_type=\"container\" data-settings=\"{&quot;background_background&quot;:&quot;classic&quot;}\">\n\t\t\t\t<\/div>\n\t\t<div class=\"elementor-element elementor-element-60dec84 e-flex e-con-boxed e-con e-parent\" data-id=\"60dec84\" data-element_type=\"container\" data-settings=\"{&quot;background_background&quot;:&quot;classic&quot;}\">\n\t\t\t\t\t<div class=\"e-con-inner\">\n\t\t<div class=\"elementor-element elementor-element-57091fa e-con-full e-flex e-con e-child\" data-id=\"57091fa\" data-element_type=\"container\">\n\t\t<div class=\"elementor-element elementor-element-474b14e e-con-full e-flex e-con e-child\" data-id=\"474b14e\" data-element_type=\"container\">\n\t\t\t\t<div class=\"elementor-element elementor-element-dd4bcd9 elementor-widget elementor-widget-image\" data-id=\"dd4bcd9\" data-element_type=\"widget\" data-widget_type=\"image.default\">\n\t\t\t\t<div class=\"elementor-widget-container\">\n\t\t\t\t\t\t\t\t\t\t\t\t\t\t\t<img fetchpriority=\"high\" decoding=\"async\" width=\"3353\" height=\"295\" src=\"https:\/\/sotol.com\/wp-content\/uploads\/2025\/03\/Press@2x.png\" class=\"attachment-full size-full wp-image-7121\" alt=\"\" srcset=\"https:\/\/sotol.com\/wp-content\/uploads\/2025\/03\/Press@2x.png 3353w, https:\/\/sotol.com\/wp-content\/uploads\/2025\/03\/Press@2x-300x26.png 300w, https:\/\/sotol.com\/wp-content\/uploads\/2025\/03\/Press@2x-1024x90.png 1024w, https:\/\/sotol.com\/wp-content\/uploads\/2025\/03\/Press@2x-768x68.png 768w, https:\/\/sotol.com\/wp-content\/uploads\/2025\/03\/Press@2x-1536x135.png 1536w, https:\/\/sotol.com\/wp-content\/uploads\/2025\/03\/Press@2x-2048x180.png 2048w, https:\/\/sotol.com\/wp-content\/uploads\/2025\/03\/Press@2x-18x2.png 18w, https:\/\/sotol.com\/wp-content\/uploads\/2025\/03\/Press@2x-600x53.png 600w\" sizes=\"(max-width: 3353px) 100vw, 3353px\" \/>\t\t\t\t\t\t\t\t\t\t\t\t\t\t\t<\/div>\n\t\t\t\t<\/div>\n\t\t\t\t<\/div>\n\t\t\t\t<\/div>\n\t\t<div class=\"elementor-element elementor-element-edf8e8e e-con-full e-flex elementor-invisible e-con e-child\" data-id=\"edf8e8e\" data-element_type=\"container\" data-settings=\"{&quot;animation&quot;:&quot;fadeInUp&quot;}\">\n\t\t<div class=\"elementor-element elementor-element-f4eed78 e-con-full e-flex e-con e-child\" data-id=\"f4eed78\" data-element_type=\"container\">\n\t\t\t\t<div class=\"elementor-element elementor-element-728d879 elementor-widget__width-inherit elementor-widget elementor-widget-image\" data-id=\"728d879\" data-element_type=\"widget\" data-widget_type=\"image.default\">\n\t\t\t\t<div class=\"elementor-widget-container\">\n\t\t\t\t\t\t\t\t\t\t\t\t\t\t\t<img decoding=\"async\" width=\"1514\" height=\"1746\" src=\"https:\/\/sotol.com\/wp-content\/uploads\/2025\/03\/Recurso-12@2x.png\" class=\"attachment-full size-full wp-image-7131\" alt=\"\" srcset=\"https:\/\/sotol.com\/wp-content\/uploads\/2025\/03\/Recurso-12@2x.png 1514w, https:\/\/sotol.com\/wp-content\/uploads\/2025\/03\/Recurso-12@2x-260x300.png 260w, https:\/\/sotol.com\/wp-content\/uploads\/2025\/03\/Recurso-12@2x-888x1024.png 888w, https:\/\/sotol.com\/wp-content\/uploads\/2025\/03\/Recurso-12@2x-768x886.png 768w, https:\/\/sotol.com\/wp-content\/uploads\/2025\/03\/Recurso-12@2x-1332x1536.png 1332w, https:\/\/sotol.com\/wp-content\/uploads\/2025\/03\/Recurso-12@2x-10x12.png 10w, https:\/\/sotol.com\/wp-content\/uploads\/2025\/03\/Recurso-12@2x-300x346.png 300w, https:\/\/sotol.com\/wp-content\/uploads\/2025\/03\/Recurso-12@2x-600x692.png 600w\" sizes=\"(max-width: 1514px) 100vw, 1514px\" \/>\t\t\t\t\t\t\t\t\t\t\t\t\t\t\t<\/div>\n\t\t\t\t<\/div>\n\t\t\t\t<\/div>\n\t\t<div class=\"elementor-element elementor-element-c89ea70 e-con-full e-flex e-con e-child\" data-id=\"c89ea70\" data-element_type=\"container\">\n\t\t\t\t<div class=\"elementor-element elementor-element-c7e0c6e elementor-widget__width-inherit elementor-widget elementor-widget-image\" data-id=\"c7e0c6e\" data-element_type=\"widget\" data-widget_type=\"image.default\">\n\t\t\t\t<div class=\"elementor-widget-container\">\n\t\t\t\t\t\t\t\t\t\t\t\t\t\t\t<img decoding=\"async\" width=\"490\" height=\"124\" src=\"https:\/\/sotol.com\/wp-content\/uploads\/2025\/03\/Recurso-16@2x.png\" class=\"attachment-full size-full wp-image-7135\" alt=\"\" srcset=\"https:\/\/sotol.com\/wp-content\/uploads\/2025\/03\/Recurso-16@2x.png 490w, https:\/\/sotol.com\/wp-content\/uploads\/2025\/03\/Recurso-16@2x-300x76.png 300w, https:\/\/sotol.com\/wp-content\/uploads\/2025\/03\/Recurso-16@2x-18x5.png 18w\" sizes=\"(max-width: 490px) 100vw, 490px\" \/>\t\t\t\t\t\t\t\t\t\t\t\t\t\t\t<\/div>\n\t\t\t\t<\/div>\n\t\t\t\t<div class=\"elementor-element elementor-element-221bc20 elementor-widget elementor-widget-text-editor\" data-id=\"221bc20\" data-element_type=\"widget\" data-widget_type=\"text-editor.default\">\n\t\t\t\t<div class=\"elementor-widget-container\">\n\t\t\t\t\t\t\t\t\t<p><span style=\"font-weight: 400;\">\"<\/span><span style=\"font-weight: 400;\">Hacienda de Chihuahua, una destiler\u00eda familiar del norte de M\u00e9xico, ha desempe\u00f1ado un papel fundamental en la reactivaci\u00f3n de la econom\u00eda mexicana. <\/span><a href=\"https:\/\/www.azureroad.io\/what-is-sotol\/\"><span style=\"font-weight: 400;\">Sotol<\/span><\/a><span style=\"font-weight: 400;\">una bebida espirituosa tradicional elaborada a partir de la planta Dasylirion, de crecimiento silvestre. La destiler\u00eda, con certificaci\u00f3n ecol\u00f3gica, hace hincapi\u00e9 en la recolecci\u00f3n sostenible y en t\u00e9cnicas innovadoras como la cocci\u00f3n al vapor y la fermentaci\u00f3n con levadura de champ\u00e1n. Su Sotol Reposado, envejecido en barricas de roble franc\u00e9s, resalta la complejidad de la bebida con ricas notas de caramelo y vainilla sobre matices terrosos y herb\u00e1ceos, que encarnan el car\u00e1cter agreste del desierto de Chihuahua\".<\/span><\/p>\t\t\t\t\t\t\t\t<\/div>\n\t\t\t\t<\/div>\n\t\t\t\t<div class=\"elementor-element elementor-element-32dc230 elementor-align-left elementor-widget__width-inherit elementor-widget elementor-widget-button\" data-id=\"32dc230\" data-element_type=\"widget\" data-widget_type=\"button.default\">\n\t\t\t\t<div class=\"elementor-widget-container\">\n\t\t\t\t\t\t\t\t\t<div class=\"elementor-button-wrapper\">\n\t\t\t\t\t<a class=\"elementor-button elementor-button-link elementor-size-sm elementor-animation-grow\" href=\"https:\/\/www.forbes.com\/sites\/lmowery\/2024\/12\/17\/sustainable-spirits-arent-a-fad-an-experts-picks-for-the-holidays\/%20\" target=\"_blank\">\n\t\t\t\t\t\t<span class=\"elementor-button-content-wrapper\">\n\t\t\t\t\t\t\t\t\t<span class=\"elementor-button-text\">M\u00c1S INFORMACI\u00d3N<\/span>\n\t\t\t\t\t<\/span>\n\t\t\t\t\t<\/a>\n\t\t\t\t<\/div>\n\t\t\t\t\t\t\t\t<\/div>\n\t\t\t\t<\/div>\n\t\t\t\t<div class=\"elementor-element elementor-element-e198bd5 elementor-align-left elementor-widget__width-inherit elementor-mobile-align-center only-nonmx-en elementor-widget elementor-widget-button\" data-id=\"e198bd5\" data-element_type=\"widget\" data-widget_type=\"button.default\">\n\t\t\t\t<div class=\"elementor-widget-container\">\n\t\t\t\t\t\t\t\t\t<div class=\"elementor-button-wrapper\">\n\t\t\t\t\t<a class=\"elementor-button elementor-button-link elementor-size-sm elementor-animation-grow\" href=\"https:\/\/sotol.com\/es\/where-to-buy\/\">\n\t\t\t\t\t\t<span class=\"elementor-button-content-wrapper\">\n\t\t\t\t\t\t\t\t\t<span class=\"elementor-button-text\">COMPRAR<\/span>\n\t\t\t\t\t<\/span>\n\t\t\t\t\t<\/a>\n\t\t\t\t<\/div>\n\t\t\t\t\t\t\t\t<\/div>\n\t\t\t\t<\/div>\n\t\t\t\t<\/div>\n\t\t\t\t<\/div>\n\t\t<div class=\"elementor-element elementor-element-aa84957 e-con-full e-flex elementor-invisible e-con e-child\" data-id=\"aa84957\" data-element_type=\"container\" data-settings=\"{&quot;animation&quot;:&quot;fadeInUp&quot;}\">\n\t\t<div class=\"elementor-element elementor-element-2617a42 e-con-full e-flex e-con e-child\" data-id=\"2617a42\" data-element_type=\"container\">\n\t\t\t\t<div class=\"elementor-element elementor-element-0befa9d elementor-widget elementor-widget-image\" data-id=\"0befa9d\" data-element_type=\"widget\" data-widget_type=\"image.default\">\n\t\t\t\t<div class=\"elementor-widget-container\">\n\t\t\t\t\t\t\t\t\t\t\t\t\t\t\t<img loading=\"lazy\" decoding=\"async\" width=\"414\" height=\"220\" src=\"https:\/\/sotol.com\/wp-content\/uploads\/2025\/03\/Recurso-17@2x.png\" class=\"attachment-full size-full wp-image-7136\" alt=\"\" srcset=\"https:\/\/sotol.com\/wp-content\/uploads\/2025\/03\/Recurso-17@2x.png 414w, https:\/\/sotol.com\/wp-content\/uploads\/2025\/03\/Recurso-17@2x-300x159.png 300w, https:\/\/sotol.com\/wp-content\/uploads\/2025\/03\/Recurso-17@2x-18x10.png 18w\" sizes=\"(max-width: 414px) 100vw, 414px\" \/>\t\t\t\t\t\t\t\t\t\t\t\t\t\t\t<\/div>\n\t\t\t\t<\/div>\n\t\t\t\t<div class=\"elementor-element elementor-element-131100d elementor-widget elementor-widget-text-editor\" data-id=\"131100d\" data-element_type=\"widget\" data-widget_type=\"text-editor.default\">\n\t\t\t\t<div class=\"elementor-widget-container\">\n\t\t\t\t\t\t\t\t\t<p><span style=\"font-weight: 400;\">\"Hacienda de Chihuahua ha sido fundamental para ampliar la presencia de Sotol m\u00e1s all\u00e1 de M\u00e9xico. Estados Unidos, y en particular Texas, se ha convertido en un mercado clave, con catas y promociones en ciudades como Austin, Houston y Dallas.<\/span><\/p><p><span style=\"font-weight: 400;\">La marca tambi\u00e9n est\u00e1 haciendo incursiones en Europa y Asia, con exportaciones recientes a pa\u00edses como Espa\u00f1a, Taiw\u00e1n y China\".<\/span><\/p>\t\t\t\t\t\t\t\t<\/div>\n\t\t\t\t<\/div>\n\t\t\t\t<div class=\"elementor-element elementor-element-80ba82c elementor-align-left elementor-widget__width-inherit elementor-widget elementor-widget-button\" data-id=\"80ba82c\" data-element_type=\"widget\" data-widget_type=\"button.default\">\n\t\t\t\t<div class=\"elementor-widget-container\">\n\t\t\t\t\t\t\t\t\t<div class=\"elementor-button-wrapper\">\n\t\t\t\t\t<a class=\"elementor-button elementor-button-link elementor-size-sm elementor-animation-grow\" href=\"https:\/\/www.azureroad.io\/what-is-sotol\/\" target=\"_blank\">\n\t\t\t\t\t\t<span class=\"elementor-button-content-wrapper\">\n\t\t\t\t\t\t\t\t\t<span class=\"elementor-button-text\">M\u00c1S INFORMACI\u00d3N<\/span>\n\t\t\t\t\t<\/span>\n\t\t\t\t\t<\/a>\n\t\t\t\t<\/div>\n\t\t\t\t\t\t\t\t<\/div>\n\t\t\t\t<\/div>\n\t\t\t\t<\/div>\n\t\t<div class=\"elementor-element elementor-element-496d5ff e-con-full e-flex e-con e-child\" data-id=\"496d5ff\" data-element_type=\"container\">\n\t\t\t\t<div class=\"elementor-element elementor-element-cdbc071 elementor-widget__width-inherit elementor-widget elementor-widget-image\" data-id=\"cdbc071\" data-element_type=\"widget\" data-widget_type=\"image.default\">\n\t\t\t\t<div class=\"elementor-widget-container\">\n\t\t\t\t\t\t\t\t\t\t\t\t\t\t\t<img loading=\"lazy\" decoding=\"async\" width=\"1525\" height=\"1743\" src=\"https:\/\/sotol.com\/wp-content\/uploads\/2025\/03\/Recurso-13@2x.png\" class=\"attachment-full size-full wp-image-7132\" alt=\"\" srcset=\"https:\/\/sotol.com\/wp-content\/uploads\/2025\/03\/Recurso-13@2x.png 1525w, https:\/\/sotol.com\/wp-content\/uploads\/2025\/03\/Recurso-13@2x-262x300.png 262w, https:\/\/sotol.com\/wp-content\/uploads\/2025\/03\/Recurso-13@2x-896x1024.png 896w, https:\/\/sotol.com\/wp-content\/uploads\/2025\/03\/Recurso-13@2x-768x878.png 768w, https:\/\/sotol.com\/wp-content\/uploads\/2025\/03\/Recurso-13@2x-1344x1536.png 1344w, https:\/\/sotol.com\/wp-content\/uploads\/2025\/03\/Recurso-13@2x-10x12.png 10w, https:\/\/sotol.com\/wp-content\/uploads\/2025\/03\/Recurso-13@2x-300x343.png 300w, https:\/\/sotol.com\/wp-content\/uploads\/2025\/03\/Recurso-13@2x-600x686.png 600w\" sizes=\"(max-width: 1525px) 100vw, 1525px\" \/>\t\t\t\t\t\t\t\t\t\t\t\t\t\t\t<\/div>\n\t\t\t\t<\/div>\n\t\t\t\t<\/div>\n\t\t\t\t<\/div>\n\t\t<div class=\"elementor-element elementor-element-9e9c5dd e-con-full e-flex elementor-invisible e-con e-child\" data-id=\"9e9c5dd\" data-element_type=\"container\" data-settings=\"{&quot;animation&quot;:&quot;fadeInUp&quot;}\">\n\t\t<div class=\"elementor-element elementor-element-fb9ace9 e-con-full e-flex e-con e-child\" data-id=\"fb9ace9\" data-element_type=\"container\">\n\t\t\t\t<div class=\"elementor-element elementor-element-3f4632b elementor-widget__width-inherit elementor-widget elementor-widget-image\" data-id=\"3f4632b\" data-element_type=\"widget\" data-widget_type=\"image.default\">\n\t\t\t\t<div class=\"elementor-widget-container\">\n\t\t\t\t\t\t\t\t\t\t\t\t\t\t\t<img loading=\"lazy\" decoding=\"async\" width=\"1512\" height=\"1741\" src=\"https:\/\/sotol.com\/wp-content\/uploads\/2025\/03\/Recurso-14@2x.png\" class=\"attachment-full size-full wp-image-7133\" alt=\"\" srcset=\"https:\/\/sotol.com\/wp-content\/uploads\/2025\/03\/Recurso-14@2x.png 1512w, https:\/\/sotol.com\/wp-content\/uploads\/2025\/03\/Recurso-14@2x-261x300.png 261w, https:\/\/sotol.com\/wp-content\/uploads\/2025\/03\/Recurso-14@2x-889x1024.png 889w, https:\/\/sotol.com\/wp-content\/uploads\/2025\/03\/Recurso-14@2x-768x884.png 768w, https:\/\/sotol.com\/wp-content\/uploads\/2025\/03\/Recurso-14@2x-1334x1536.png 1334w, https:\/\/sotol.com\/wp-content\/uploads\/2025\/03\/Recurso-14@2x-10x12.png 10w, https:\/\/sotol.com\/wp-content\/uploads\/2025\/03\/Recurso-14@2x-300x345.png 300w, https:\/\/sotol.com\/wp-content\/uploads\/2025\/03\/Recurso-14@2x-600x691.png 600w\" sizes=\"(max-width: 1512px) 100vw, 1512px\" \/>\t\t\t\t\t\t\t\t\t\t\t\t\t\t\t<\/div>\n\t\t\t\t<\/div>\n\t\t\t\t<\/div>\n\t\t<div class=\"elementor-element elementor-element-8837129 e-con-full e-flex e-con e-child\" data-id=\"8837129\" data-element_type=\"container\">\n\t\t\t\t<div class=\"elementor-element elementor-element-7782eb8 elementor-widget elementor-widget-image\" data-id=\"7782eb8\" data-element_type=\"widget\" data-widget_type=\"image.default\">\n\t\t\t\t<div class=\"elementor-widget-container\">\n\t\t\t\t\t\t\t\t\t\t\t\t\t\t\t<img loading=\"lazy\" decoding=\"async\" width=\"592\" height=\"324\" src=\"https:\/\/sotol.com\/wp-content\/uploads\/2025\/03\/Recurso-18@2x.png\" class=\"attachment-full size-full wp-image-7137\" alt=\"\" srcset=\"https:\/\/sotol.com\/wp-content\/uploads\/2025\/03\/Recurso-18@2x.png 592w, https:\/\/sotol.com\/wp-content\/uploads\/2025\/03\/Recurso-18@2x-300x164.png 300w, https:\/\/sotol.com\/wp-content\/uploads\/2025\/03\/Recurso-18@2x-18x10.png 18w\" sizes=\"(max-width: 592px) 100vw, 592px\" \/>\t\t\t\t\t\t\t\t\t\t\t\t\t\t\t<\/div>\n\t\t\t\t<\/div>\n\t\t\t\t<div class=\"elementor-element elementor-element-bc7a308 elementor-widget elementor-widget-text-editor\" data-id=\"bc7a308\" data-element_type=\"widget\" data-widget_type=\"text-editor.default\">\n\t\t\t\t<div class=\"elementor-widget-container\">\n\t\t\t\t\t\t\t\t\t<p><span style=\"font-weight: 400;\">\"Hacienda de Chihuahua es pionera en la categor\u00eda del sotol al ser la primera marca en exportar sotol a nivel internacional, y una de las mejores formas de familiarizarse con esta bebida espirituosa si no tienes planeado ning\u00fan viaje a M\u00e9xico pr\u00f3ximamente.\"<\/span><\/p>\t\t\t\t\t\t\t\t<\/div>\n\t\t\t\t<\/div>\n\t\t\t\t<div class=\"elementor-element elementor-element-ac06d66 elementor-align-left elementor-widget__width-inherit elementor-widget elementor-widget-button\" data-id=\"ac06d66\" data-element_type=\"widget\" data-widget_type=\"button.default\">\n\t\t\t\t<div class=\"elementor-widget-container\">\n\t\t\t\t\t\t\t\t\t<div class=\"elementor-button-wrapper\">\n\t\t\t\t\t<a class=\"elementor-button elementor-button-link elementor-size-sm elementor-animation-grow\" href=\"https:\/\/matadornetwork.com\/read\/sotol\/%20\" target=\"_blank\">\n\t\t\t\t\t\t<span class=\"elementor-button-content-wrapper\">\n\t\t\t\t\t\t\t\t\t<span class=\"elementor-button-text\">M\u00c1S INFORMACI\u00d3N<\/span>\n\t\t\t\t\t<\/span>\n\t\t\t\t\t<\/a>\n\t\t\t\t<\/div>\n\t\t\t\t\t\t\t\t<\/div>\n\t\t\t\t<\/div>\n\t\t\t\t<\/div>\n\t\t\t\t<\/div>\n\t\t<div class=\"elementor-element elementor-element-1da3b0c e-con-full e-flex elementor-invisible e-con e-child\" data-id=\"1da3b0c\" data-element_type=\"container\" data-settings=\"{&quot;animation&quot;:&quot;fadeInUp&quot;}\">\n\t\t<div class=\"elementor-element elementor-element-9c88a22 e-con-full e-flex e-con e-child\" data-id=\"9c88a22\" data-element_type=\"container\">\n\t\t\t\t<div class=\"elementor-element elementor-element-631a01c elementor-widget elementor-widget-image\" data-id=\"631a01c\" data-element_type=\"widget\" data-widget_type=\"image.default\">\n\t\t\t\t<div class=\"elementor-widget-container\">\n\t\t\t\t\t\t\t\t\t\t\t\t\t\t\t<img loading=\"lazy\" decoding=\"async\" width=\"402\" height=\"274\" src=\"https:\/\/sotol.com\/wp-content\/uploads\/2025\/03\/Recurso-19@2x.png\" class=\"attachment-full size-full wp-image-7138\" alt=\"\" srcset=\"https:\/\/sotol.com\/wp-content\/uploads\/2025\/03\/Recurso-19@2x.png 402w, https:\/\/sotol.com\/wp-content\/uploads\/2025\/03\/Recurso-19@2x-300x204.png 300w, https:\/\/sotol.com\/wp-content\/uploads\/2025\/03\/Recurso-19@2x-18x12.png 18w\" sizes=\"(max-width: 402px) 100vw, 402px\" \/>\t\t\t\t\t\t\t\t\t\t\t\t\t\t\t<\/div>\n\t\t\t\t<\/div>\n\t\t\t\t<div class=\"elementor-element elementor-element-7572b31 elementor-widget elementor-widget-text-editor\" data-id=\"7572b31\" data-element_type=\"widget\" data-widget_type=\"text-editor.default\">\n\t\t\t\t<div class=\"elementor-widget-container\">\n\t\t\t\t\t\t\t\t\t<p><span style=\"font-weight: 400;\">\"<\/span><span style=\"font-weight: 400;\">La empresa es una Sotol de propiedad y gesti\u00f3n familiar que ya se vende en 22 estados de Estados Unidos y muchos pa\u00edses. Ha ganado m\u00faltiples <\/span><a href=\"https:\/\/sotol.com\/en\/certificaciones\/\"><span style=\"font-weight: 400;\">certificaciones reconocidas internacionalmente<\/span><\/a><span style=\"font-weight: 400;\">como la certificaci\u00f3n ecol\u00f3gica USDA, IMOcert y Kosher, por nombrar algunas\".<\/span><\/p>\t\t\t\t\t\t\t\t<\/div>\n\t\t\t\t<\/div>\n\t\t\t\t<div class=\"elementor-element elementor-element-e1df21a elementor-align-left elementor-widget__width-inherit elementor-widget elementor-widget-button\" data-id=\"e1df21a\" data-element_type=\"widget\" data-widget_type=\"button.default\">\n\t\t\t\t<div class=\"elementor-widget-container\">\n\t\t\t\t\t\t\t\t\t<div class=\"elementor-button-wrapper\">\n\t\t\t\t\t<a class=\"elementor-button elementor-button-link elementor-size-sm elementor-animation-grow\" href=\"https:\/\/ballerstatus.com\/2024\/05\/20\/looking-for-a-tequila-alternative-hacienda-de-chihuahua-sotol-has-you-covered\/\" target=\"_blank\">\n\t\t\t\t\t\t<span class=\"elementor-button-content-wrapper\">\n\t\t\t\t\t\t\t\t\t<span class=\"elementor-button-text\">M\u00c1S INFORMACI\u00d3N<\/span>\n\t\t\t\t\t<\/span>\n\t\t\t\t\t<\/a>\n\t\t\t\t<\/div>\n\t\t\t\t\t\t\t\t<\/div>\n\t\t\t\t<\/div>\n\t\t\t\t<\/div>\n\t\t<div class=\"elementor-element elementor-element-a1cf0e8 e-con-full e-flex e-con e-child\" data-id=\"a1cf0e8\" data-element_type=\"container\">\n\t\t\t\t<div class=\"elementor-element elementor-element-e4451ba elementor-widget__width-inherit elementor-widget elementor-widget-image\" data-id=\"e4451ba\" data-element_type=\"widget\" data-widget_type=\"image.default\">\n\t\t\t\t<div class=\"elementor-widget-container\">\n\t\t\t\t\t\t\t\t\t\t\t\t\t\t\t<img loading=\"lazy\" decoding=\"async\" width=\"1519\" height=\"1747\" src=\"https:\/\/sotol.com\/wp-content\/uploads\/2025\/03\/Recurso-15@2x.png\" class=\"attachment-full size-full wp-image-7134\" alt=\"\" srcset=\"https:\/\/sotol.com\/wp-content\/uploads\/2025\/03\/Recurso-15@2x.png 1519w, https:\/\/sotol.com\/wp-content\/uploads\/2025\/03\/Recurso-15@2x-261x300.png 261w, https:\/\/sotol.com\/wp-content\/uploads\/2025\/03\/Recurso-15@2x-890x1024.png 890w, https:\/\/sotol.com\/wp-content\/uploads\/2025\/03\/Recurso-15@2x-768x883.png 768w, https:\/\/sotol.com\/wp-content\/uploads\/2025\/03\/Recurso-15@2x-1336x1536.png 1336w, https:\/\/sotol.com\/wp-content\/uploads\/2025\/03\/Recurso-15@2x-10x12.png 10w, https:\/\/sotol.com\/wp-content\/uploads\/2025\/03\/Recurso-15@2x-300x345.png 300w, https:\/\/sotol.com\/wp-content\/uploads\/2025\/03\/Recurso-15@2x-600x690.png 600w\" sizes=\"(max-width: 1519px) 100vw, 1519px\" \/>\t\t\t\t\t\t\t\t\t\t\t\t\t\t\t<\/div>\n\t\t\t\t<\/div>\n\t\t\t\t<\/div>\n\t\t\t\t<\/div>\n\t\t\t\t\t<\/div>\n\t\t\t\t<\/div>\n\t\t<div class=\"elementor-element elementor-element-c94f8b2 e-con-full e-flex e-con e-parent\" data-id=\"c94f8b2\" data-element_type=\"container\">\n\t\t\t\t<div class=\"elementor-element elementor-element-5d3dcb2 elementor-widget__width-inherit elementor-widget elementor-widget-image\" data-id=\"5d3dcb2\" data-element_type=\"widget\" data-widget_type=\"image.default\">\n\t\t\t\t<div class=\"elementor-widget-container\">\n\t\t\t\t\t\t\t\t\t\t\t\t\t\t\t<img loading=\"lazy\" decoding=\"async\" width=\"1916\" height=\"400\" src=\"https:\/\/sotol.com\/wp-content\/uploads\/2021\/11\/Recurso-8-e1744605479599.png\" class=\"attachment-full size-full wp-image-7106\" alt=\"\" srcset=\"https:\/\/sotol.com\/wp-content\/uploads\/2021\/11\/Recurso-8-e1744605479599.png 1916w, https:\/\/sotol.com\/wp-content\/uploads\/2021\/11\/Recurso-8-e1744605479599-300x63.png 300w, https:\/\/sotol.com\/wp-content\/uploads\/2021\/11\/Recurso-8-e1744605479599-1024x214.png 1024w, https:\/\/sotol.com\/wp-content\/uploads\/2021\/11\/Recurso-8-e1744605479599-768x160.png 768w, https:\/\/sotol.com\/wp-content\/uploads\/2021\/11\/Recurso-8-e1744605479599-1536x321.png 1536w, https:\/\/sotol.com\/wp-content\/uploads\/2021\/11\/Recurso-8-e1744605479599-18x4.png 18w, https:\/\/sotol.com\/wp-content\/uploads\/2021\/11\/Recurso-8-e1744605479599-600x125.png 600w\" sizes=\"(max-width: 1916px) 100vw, 1916px\" \/>\t\t\t\t\t\t\t\t\t\t\t\t\t\t\t<\/div>\n\t\t\t\t<\/div>\n\t\t\t\t<\/div>\n\t\t\t\t<\/div>","protected":false},"excerpt":{"rendered":"<p>\"Hacienda de Chihuahua, una destiler\u00eda familiar del norte de M\u00e9xico, ha desempe\u00f1ado un papel fundamental en la recuperaci\u00f3n del Sotol, una bebida espirituosa tradicional elaborada a partir de la planta Dasylirion, de crecimiento silvestre. La destiler\u00eda, con certificaci\u00f3n ecol\u00f3gica, hace hincapi\u00e9 en la recolecci\u00f3n sostenible y en t\u00e9cnicas innovadoras como la cocci\u00f3n al vapor y la fermentaci\u00f3n con levadura de champ\u00e1n. Su Sotol Reposado, envejecido en barricas de roble franc\u00e9s, resalta la complejidad del aguardiente con [...]<\/p>","protected":false},"author":1,"featured_media":0,"parent":0,"menu_order":0,"comment_status":"closed","ping_status":"closed","template":"elementor_header_footer","meta":{"footnotes":""},"class_list":["post-7119","page","type-page","status-publish","hentry"],"rttpg_featured_image_url":null,"rttpg_author":{"display_name":"StudioVainilla","author_link":"https:\/\/sotol.com\/es\/author\/studiovainilla\/"},"rttpg_comment":0,"rttpg_category":null,"rttpg_excerpt":"\u201cHacienda de Chihuahua, a family-owned distillery in northern Mexico, has played a pivotal role in reviving Sotol, a traditional spirit crafted from the wild-growing Dasylirion plant. Certified organic, the distillery emphasizes sustainable harvesting and innovative techniques like steam-cooking and champagne yeast fermentation. Their Reposado Sotol, aged in French oak barrels, highlights the spirit\u2019s complexity with&hellip;","_links":{"self":[{"href":"https:\/\/sotol.com\/es\/wp-json\/wp\/v2\/pages\/7119","targetHints":{"allow":["GET"]}}],"collection":[{"href":"https:\/\/sotol.com\/es\/wp-json\/wp\/v2\/pages"}],"about":[{"href":"https:\/\/sotol.com\/es\/wp-json\/wp\/v2\/types\/page"}],"author":[{"embeddable":true,"href":"https:\/\/sotol.com\/es\/wp-json\/wp\/v2\/users\/1"}],"replies":[{"embeddable":true,"href":"https:\/\/sotol.com\/es\/wp-json\/wp\/v2\/comments?post=7119"}],"version-history":[{"count":0,"href":"https:\/\/sotol.com\/es\/wp-json\/wp\/v2\/pages\/7119\/revisions"}],"wp:attachment":[{"href":"https:\/\/sotol.com\/es\/wp-json\/wp\/v2\/media?parent=7119"}],"curies":[{"name":"wp","href":"https:\/\/api.w.org\/{rel}","templated":true}]}}