{"id":7025,"date":"2025-03-20T16:33:13","date_gmt":"2025-03-20T22:33:13","guid":{"rendered":"https:\/\/sotol.com\/?page_id=7025"},"modified":"2025-07-09T09:24:07","modified_gmt":"2025-07-09T15:24:07","slug":"our-team","status":"publish","type":"page","link":"https:\/\/sotol.com\/es\/our-team\/","title":{"rendered":"Nuestro equipo"},"content":{"rendered":"<div data-elementor-type=\"wp-page\" data-elementor-id=\"7025\" class=\"elementor elementor-7025\" data-elementor-post-type=\"page\">\n\t\t\t\t<div class=\"elementor-element elementor-element-1c741f5 e-con-full e-flex e-con e-parent\" data-id=\"1c741f5\" data-element_type=\"container\" data-settings=\"{&quot;background_background&quot;:&quot;classic&quot;}\">\n\t\t\t\t<\/div>\n\t\t<div class=\"elementor-element elementor-element-210bf98 e-flex e-con-boxed e-con e-parent\" data-id=\"210bf98\" data-element_type=\"container\" data-settings=\"{&quot;background_background&quot;:&quot;classic&quot;}\">\n\t\t\t\t\t<div class=\"e-con-inner\">\n\t\t<div class=\"elementor-element elementor-element-ddcbb80 e-con-full e-flex e-con e-child\" data-id=\"ddcbb80\" data-element_type=\"container\">\n\t\t\t\t<div class=\"elementor-element elementor-element-fc57840 animated-slow elementor-invisible elementor-widget elementor-widget-text-editor\" data-id=\"fc57840\" data-element_type=\"widget\" data-settings=\"{&quot;_animation&quot;:&quot;fadeIn&quot;}\" data-widget_type=\"text-editor.default\">\n\t\t\t\t<div class=\"elementor-widget-container\">\n\t\t\t\t\t\t\t\t\t<p style=\"text-align: center;\"><span style=\"font-family: 'Colonna MT';\">Nuestro equipo<\/span><\/p>\t\t\t\t\t\t\t\t<\/div>\n\t\t\t\t<\/div>\n\t\t\t\t<div class=\"elementor-element elementor-element-21ee5cc elementor-widget elementor-widget-image\" data-id=\"21ee5cc\" data-element_type=\"widget\" data-widget_type=\"image.default\">\n\t\t\t\t<div class=\"elementor-widget-container\">\n\t\t\t\t\t\t\t\t\t\t\t\t\t\t\t<img decoding=\"async\" width=\"146\" height=\"34\" src=\"https:\/\/sotol.com\/wp-content\/uploads\/2025\/03\/Recurso-2-e1746154705615.png\" class=\"attachment-full size-full wp-image-7032\" alt=\"\" srcset=\"https:\/\/sotol.com\/wp-content\/uploads\/2025\/03\/Recurso-2-e1746154705615.png 146w, https:\/\/sotol.com\/wp-content\/uploads\/2025\/03\/Recurso-2-e1746154705615-18x4.png 18w\" sizes=\"(max-width: 146px) 100vw, 146px\" \/>\t\t\t\t\t\t\t\t\t\t\t\t\t\t\t<\/div>\n\t\t\t\t<\/div>\n\t\t\t\t<div class=\"elementor-element elementor-element-1230f78 animated-slow elementor-widget-mobile__width-initial elementor-invisible elementor-widget elementor-widget-text-editor\" data-id=\"1230f78\" data-element_type=\"widget\" data-settings=\"{&quot;_animation&quot;:&quot;fadeIn&quot;}\" data-widget_type=\"text-editor.default\">\n\t\t\t\t<div class=\"elementor-widget-container\">\n\t\t\t\t\t\t\t\t\t<p><span style=\"font-family: NeueDINVAR;\">LAS MENTES DETR\u00c1S DEL OFICIO<br \/><\/span><\/p>\t\t\t\t\t\t\t\t<\/div>\n\t\t\t\t<\/div>\n\t\t\t\t<\/div>\n\t\t<div class=\"elementor-element elementor-element-da7beeb e-con-full e-flex elementor-invisible e-con e-child\" data-id=\"da7beeb\" data-element_type=\"container\" data-settings=\"{&quot;animation&quot;:&quot;fadeIn&quot;}\">\n\t\t<div class=\"elementor-element elementor-element-99271ca e-con-full e-flex e-con e-child\" data-id=\"99271ca\" data-element_type=\"container\">\n\t\t\t\t<div class=\"elementor-element elementor-element-a56a232 elementor-widget__width-initial elementor-widget elementor-widget-video\" data-id=\"a56a232\" data-element_type=\"widget\" data-settings=\"{&quot;video_type&quot;:&quot;hosted&quot;,&quot;loop&quot;:&quot;yes&quot;,&quot;mute&quot;:&quot;yes&quot;,&quot;controls&quot;:&quot;yes&quot;}\" data-widget_type=\"video.default\">\n\t\t\t\t<div class=\"elementor-widget-container\">\n\t\t\t\t\t\t\t<div class=\"e-hosted-video elementor-wrapper elementor-open-inline\">\n\t\t\t\t\t<video class=\"elementor-video\" src=\"https:\/\/sotol.com\/wp-content\/uploads\/2025\/03\/TRAILER-UNO.mp4\" loop=\"\" controls=\"\" preload=\"metadata\" muted=\"muted\" controlslist=\"nodownload\"><\/video>\n\t\t\t\t<\/div>\n\t\t\t\t\t\t<\/div>\n\t\t\t\t<\/div>\n\t\t\t\t<\/div>\n\t\t<div class=\"elementor-element elementor-element-584920c e-con-full e-flex e-con e-child\" data-id=\"584920c\" data-element_type=\"container\">\n\t\t\t\t<div class=\"elementor-element elementor-element-274d53b elementor-widget elementor-widget-text-editor\" data-id=\"274d53b\" data-element_type=\"widget\" data-widget_type=\"text-editor.default\">\n\t\t\t\t<div class=\"elementor-widget-container\">\n\t\t\t\t\t\t\t\t\t<p>DE MONTPELLIER AL DESIERTO CHIHUAHUENSE<br \/>CONOCE A NUESTRO MAESTRO DESTILADOR\u00a0<span style=\"color: #ac8c5c;\">JOS\u00c9 DAUM\u00c1S<\/span><\/p>\t\t\t\t\t\t\t\t<\/div>\n\t\t\t\t<\/div>\n\t\t\t\t<div class=\"elementor-element elementor-element-13df74d elementor-widget-mobile__width-initial elementor-widget elementor-widget-text-editor\" data-id=\"13df74d\" data-element_type=\"widget\" data-widget_type=\"text-editor.default\">\n\t\t\t\t<div class=\"elementor-widget-container\">\n\t\t\t\t\t\t\t\t\t<p><span style=\"font-family: gilda-display;\">En 1962, Jos\u00e9 Daumas se doctor\u00f3 en Enolog\u00eda por la prestigiosa \u00c9cole Nationale Sup\u00e9rieure Agronomique de Montpellier (Francia), convirti\u00e9ndose en su primer graduado internacional. M\u00e1s tarde perfeccion\u00f3 sus conocimientos con casas de renombre como Mo\u00ebt &amp; Chandon, Martell y Larsen.<br \/><\/span><\/p><div id=\"simple-translate\" class=\"simple-translate-system-theme\"><div><div class=\"simple-translate-button isShow\" style=\"background-image: url('chrome-extension:\/\/ibplnjkanclpjokhdolnendpplpjiace\/icons\/512.png'); height: 22px; width: 22px; top: 24px; left: 19px;\">\u00a0<\/div><div class=\"simple-translate-panel\" style=\"width: 300px; height: 200px; top: 0px; left: 0px; font-size: 13px;\"><div class=\"simple-translate-result-wrapper\" style=\"overflow: hidden;\"><div class=\"simple-translate-move\" draggable=\"true\">\u00a0<\/div><div class=\"simple-translate-result-contents\"><p class=\"simple-translate-candidate\" dir=\"auto\">\u00a0<\/p><\/div><\/div><\/div><\/div><\/div>\t\t\t\t\t\t\t\t<\/div>\n\t\t\t\t<\/div>\n\t\t\t\t<\/div>\n\t\t\t\t<\/div>\n\t\t<div class=\"elementor-element elementor-element-f5e5358 e-con-full e-flex elementor-invisible e-con e-child\" data-id=\"f5e5358\" data-element_type=\"container\" data-settings=\"{&quot;animation&quot;:&quot;fadeInUp&quot;}\">\n\t\t<div class=\"elementor-element elementor-element-a5eeba8 e-con-full e-flex e-con e-child\" data-id=\"a5eeba8\" data-element_type=\"container\">\n\t\t\t\t<div class=\"elementor-element elementor-element-1d22438 elementor-widget-mobile__width-initial animated-slow elementor-widget elementor-widget-text-editor\" data-id=\"1d22438\" data-element_type=\"widget\" data-settings=\"{&quot;_animation&quot;:&quot;none&quot;}\" data-widget_type=\"text-editor.default\">\n\t\t\t\t<div class=\"elementor-widget-container\">\n\t\t\t\t\t\t\t\t\t<p><span style=\"font-family: gilda-display;\">A principios de la d\u00e9cada de 1990, el fundador de la empresa, Federico El\u00edas Madero, encarg\u00f3 al Dr. Daumas la elaboraci\u00f3n de una bebida espirituosa a partir de la planta Dasylirion. Durante los a\u00f1os siguientes recorri\u00f3 el desierto de Chihuahua, evaluando la densidad de la planta Dasylirion y aplicando medidas para conservar la biodiversidad de esta especie end\u00e9mica, su ecosistema y su sostenibilidad medioambiental.<br \/><\/span><\/p>\t\t\t\t\t\t\t\t<\/div>\n\t\t\t\t<\/div>\n\t\t\t\t<\/div>\n\t\t<div class=\"elementor-element elementor-element-ef44f73 e-con-full e-flex e-con e-child\" data-id=\"ef44f73\" data-element_type=\"container\">\n\t\t\t\t<div class=\"elementor-element elementor-element-7dde3d4 elementor-widget elementor-widget-image\" data-id=\"7dde3d4\" data-element_type=\"widget\" data-widget_type=\"image.default\">\n\t\t\t\t<div class=\"elementor-widget-container\">\n\t\t\t\t\t\t\t\t\t\t\t\t\t\t\t<img fetchpriority=\"high\" decoding=\"async\" width=\"690\" height=\"560\" src=\"https:\/\/sotol.com\/wp-content\/uploads\/2025\/05\/002_our_team.png\" class=\"attachment-full size-full wp-image-8125\" alt=\"\" srcset=\"https:\/\/sotol.com\/wp-content\/uploads\/2025\/05\/002_our_team.png 690w, https:\/\/sotol.com\/wp-content\/uploads\/2025\/05\/002_our_team-300x243.png 300w, https:\/\/sotol.com\/wp-content\/uploads\/2025\/05\/002_our_team-15x12.png 15w, https:\/\/sotol.com\/wp-content\/uploads\/2025\/05\/002_our_team-600x487.png 600w\" sizes=\"(max-width: 690px) 100vw, 690px\" \/>\t\t\t\t\t\t\t\t\t\t\t\t\t\t\t<\/div>\n\t\t\t\t<\/div>\n\t\t\t\t<\/div>\n\t\t\t\t<\/div>\n\t\t<div class=\"elementor-element elementor-element-8c15d9d e-con-full e-flex elementor-invisible e-con e-child\" data-id=\"8c15d9d\" data-element_type=\"container\" data-settings=\"{&quot;animation&quot;:&quot;fadeInUp&quot;}\">\n\t\t<div class=\"elementor-element elementor-element-df1ace4 e-con-full elementor-hidden-mobile e-flex e-con e-child\" data-id=\"df1ace4\" data-element_type=\"container\">\n\t\t\t\t<div class=\"elementor-element elementor-element-a2735bc elementor-widget elementor-widget-image\" data-id=\"a2735bc\" data-element_type=\"widget\" data-widget_type=\"image.default\">\n\t\t\t\t<div class=\"elementor-widget-container\">\n\t\t\t\t\t\t\t\t\t\t\t\t\t\t\t<img decoding=\"async\" width=\"782\" height=\"642\" src=\"https:\/\/sotol.com\/wp-content\/uploads\/2025\/03\/Daumas.png\" class=\"attachment-full size-full wp-image-7033\" alt=\"\" srcset=\"https:\/\/sotol.com\/wp-content\/uploads\/2025\/03\/Daumas.png 782w, https:\/\/sotol.com\/wp-content\/uploads\/2025\/03\/Daumas-300x246.png 300w, https:\/\/sotol.com\/wp-content\/uploads\/2025\/03\/Daumas-768x631.png 768w, https:\/\/sotol.com\/wp-content\/uploads\/2025\/03\/Daumas-15x12.png 15w, https:\/\/sotol.com\/wp-content\/uploads\/2025\/03\/Daumas-600x493.png 600w\" sizes=\"(max-width: 782px) 100vw, 782px\" \/>\t\t\t\t\t\t\t\t\t\t\t\t\t\t\t<\/div>\n\t\t\t\t<\/div>\n\t\t\t\t<\/div>\n\t\t<div class=\"elementor-element elementor-element-7de26bc e-con-full e-flex e-con e-child\" data-id=\"7de26bc\" data-element_type=\"container\">\n\t\t\t\t<div class=\"elementor-element elementor-element-d1e8d35 elementor-widget-mobile__width-initial elementor-widget elementor-widget-text-editor\" data-id=\"d1e8d35\" data-element_type=\"widget\" data-widget_type=\"text-editor.default\">\n\t\t\t\t<div class=\"elementor-widget-container\">\n\t\t\t\t\t\t\t\t\t<p><span style=\"font-family: gilda-display;\">Tras garantizar la conservaci\u00f3n a largo plazo de la planta de Dasylirion, el Dr. Daumas dedic\u00f3 a\u00f1os a perfeccionar un aguardiente de calidad incomparable. Revolucion\u00f3 la producci\u00f3n de sotol introduciendo la cocci\u00f3n lenta al vapor y la destilaci\u00f3n mediante un alambique de cobre de doble columna. El resultado fue una bebida espirituosa refinada que marc\u00f3 un nuevo hito y situ\u00f3 al Sotol Hacienda de Chihuahua entre las mejores bebidas espirituosas del mundo.<\/span><\/p>\t\t\t\t\t\t\t\t<\/div>\n\t\t\t\t<\/div>\n\t\t\t\t<\/div>\n\t\t\t\t<\/div>\n\t\t\t\t\t<\/div>\n\t\t\t\t<\/div>\n\t\t<div class=\"elementor-element elementor-element-b9466b1 e-con-full e-flex e-con e-parent\" data-id=\"b9466b1\" data-element_type=\"container\" data-settings=\"{&quot;background_background&quot;:&quot;classic&quot;}\">\n\t\t<div class=\"elementor-element elementor-element-3ba4b59 e-con-full e-flex e-con e-child\" data-id=\"3ba4b59\" data-element_type=\"container\">\n\t\t<div class=\"elementor-element elementor-element-efb03cd e-con-full e-flex e-con e-child\" data-id=\"efb03cd\" data-element_type=\"container\">\n\t\t\t\t<div class=\"elementor-element elementor-element-b5a1e0c animated-slow elementor-invisible elementor-widget elementor-widget-text-editor\" data-id=\"b5a1e0c\" data-element_type=\"widget\" data-settings=\"{&quot;_animation&quot;:&quot;fadeIn&quot;}\" data-widget_type=\"text-editor.default\">\n\t\t\t\t<div class=\"elementor-widget-container\">\n\t\t\t\t\t\t\t\t\t<span style=\"font-family: NeueDINVAR;\">LOS FUNDADORES\n<\/span>\t\t\t\t\t\t\t\t<\/div>\n\t\t\t\t<\/div>\n\t\t\t\t<div class=\"elementor-element elementor-element-0986e2a elementor-widget elementor-widget-text-editor\" data-id=\"0986e2a\" data-element_type=\"widget\" data-widget_type=\"text-editor.default\">\n\t\t\t\t<div class=\"elementor-widget-container\">\n\t\t\t\t\t\t\t\t\t<p><span style=\"font-family: NeueDINVAR;\">Sotol Hacienda de Chihuahua fue fundada por la familia El\u00edas Madero, unida por una pasi\u00f3n compartida por la elaboraci\u00f3n de licores excepcionales y la preservaci\u00f3n de la rica herencia de la planta Dasylirion. Con un liderazgo visionario y una dedicaci\u00f3n inquebrantable, la familia fue pionera en un refinado proceso de producci\u00f3n, elevando el sotol a la fama mundial y estableciendo un nuevo est\u00e1ndar de excelencia.<\/span><\/p>\t\t\t\t\t\t\t\t<\/div>\n\t\t\t\t<\/div>\n\t\t\t\t<\/div>\n\t\t<div class=\"elementor-element elementor-element-0d0a8d6 e-con-full e-flex e-con e-child\" data-id=\"0d0a8d6\" data-element_type=\"container\">\n\t\t\t\t<div class=\"elementor-element elementor-element-54c51ea elementor-widget__width-inherit elementor-widget elementor-widget-image\" data-id=\"54c51ea\" data-element_type=\"widget\" data-widget_type=\"image.default\">\n\t\t\t\t<div class=\"elementor-widget-container\">\n\t\t\t\t\t\t\t\t\t\t\t\t\t\t\t<img loading=\"lazy\" decoding=\"async\" width=\"692\" height=\"496\" src=\"https:\/\/sotol.com\/wp-content\/uploads\/2025\/07\/Ilustracion_OurTeam.png\" class=\"attachment-full size-full wp-image-8610\" alt=\"\" srcset=\"https:\/\/sotol.com\/wp-content\/uploads\/2025\/07\/Ilustracion_OurTeam.png 692w, https:\/\/sotol.com\/wp-content\/uploads\/2025\/07\/Ilustracion_OurTeam-300x215.png 300w, https:\/\/sotol.com\/wp-content\/uploads\/2025\/07\/Ilustracion_OurTeam-18x12.png 18w, https:\/\/sotol.com\/wp-content\/uploads\/2025\/07\/Ilustracion_OurTeam-600x430.png 600w\" sizes=\"(max-width: 692px) 100vw, 692px\" \/>\t\t\t\t\t\t\t\t\t\t\t\t\t\t\t<\/div>\n\t\t\t\t<\/div>\n\t\t\t\t<\/div>\n\t\t<div class=\"elementor-element elementor-element-3487b2d e-con-full e-flex e-con e-child\" data-id=\"3487b2d\" data-element_type=\"container\">\n\t\t\t\t<div class=\"elementor-element elementor-element-ce68015 animated-slow elementor-invisible elementor-widget elementor-widget-text-editor\" data-id=\"ce68015\" data-element_type=\"widget\" data-settings=\"{&quot;_animation&quot;:&quot;fadeIn&quot;}\" data-widget_type=\"text-editor.default\">\n\t\t\t\t<div class=\"elementor-widget-container\">\n\t\t\t\t\t\t\t\t\t<span style=\"font-family: NeueDINVAR;\">EL EQUIPO\n<\/span>\t\t\t\t\t\t\t\t<\/div>\n\t\t\t\t<\/div>\n\t\t\t\t<div class=\"elementor-element elementor-element-a9396ea elementor-widget elementor-widget-text-editor\" data-id=\"a9396ea\" data-element_type=\"widget\" data-widget_type=\"text-editor.default\">\n\t\t\t\t<div class=\"elementor-widget-container\">\n\t\t\t\t\t\t\t\t\t<p><span style=\"font-family: gilda-display;\"><span style=\"font-family: NeueDINVAR;\">El coraz\u00f3n de Sotol Hacienda de Chihuahua se encuentra en nuestro equipo de producci\u00f3n, expertos cuya habilidad y dedicaci\u00f3n dan vida al destilado. Su trabajo hace honor a la tradici\u00f3n y garantiza que cada botella cumpla los m\u00e1s altos est\u00e1ndares de calidad.<\/span> <\/span><\/p>\t\t\t\t\t\t\t\t<\/div>\n\t\t\t\t<\/div>\n\t\t\t\t<\/div>\n\t\t\t\t<\/div>\n\t\t\t\t<\/div>\n\t\t\t\t<\/div>","protected":false},"excerpt":{"rendered":"<p>Nuestro Equipo LAS MENTES TRAS LA ARTESAN\u00cdA https:\/\/sotol.com\/wp-content\/uploads\/2025\/03\/TRAILER-UNO.mp4 DE MONTPELLIER AL DESIERTO CHIHUAHUAN.CONOZCA A NUESTRO MAESTRO DESTILADOR JOS\u00c9 DAUM\u00c1S En 1962, Jos\u00e9 Daumas se doctor\u00f3 en Enolog\u00eda por la prestigiosa \u00c9cole Nationale Sup\u00e9rieure Agronomique de Montpellier, Francia, convirti\u00e9ndose en su primer graduado internacional. Posteriormente perfeccion\u00f3 sus conocimientos con casas de renombre como Mo\u00ebt &amp; [...]<\/p>","protected":false},"author":1,"featured_media":0,"parent":0,"menu_order":0,"comment_status":"closed","ping_status":"closed","template":"elementor_header_footer","meta":{"footnotes":""},"class_list":["post-7025","page","type-page","status-publish","hentry"],"rttpg_featured_image_url":null,"rttpg_author":{"display_name":"StudioVainilla","author_link":"https:\/\/sotol.com\/es\/author\/studiovainilla\/"},"rttpg_comment":0,"rttpg_category":null,"rttpg_excerpt":"Our Team THE MINDS BEHIND THE CRAFT https:\/\/sotol.com\/wp-content\/uploads\/2025\/03\/TRAILER-UNO.mp4 FROM MONTPELLIER TO THE CHIHUAHUAN DESERT.MEET OUR MASTER DISTILLER\u00a0JOS\u00c9 DAUM\u00c1S In 1962, Jos\u00e9 Daumas was awarded a doctorate in Oenology from the prestigious \u00c9cole Nationale Sup\u00e9rieure Agronomique de Montpellier, France, becoming its first international graduate. He later perfected his expertise with renowned houses such as Mo\u00ebt &amp;&hellip;","_links":{"self":[{"href":"https:\/\/sotol.com\/es\/wp-json\/wp\/v2\/pages\/7025","targetHints":{"allow":["GET"]}}],"collection":[{"href":"https:\/\/sotol.com\/es\/wp-json\/wp\/v2\/pages"}],"about":[{"href":"https:\/\/sotol.com\/es\/wp-json\/wp\/v2\/types\/page"}],"author":[{"embeddable":true,"href":"https:\/\/sotol.com\/es\/wp-json\/wp\/v2\/users\/1"}],"replies":[{"embeddable":true,"href":"https:\/\/sotol.com\/es\/wp-json\/wp\/v2\/comments?post=7025"}],"version-history":[{"count":0,"href":"https:\/\/sotol.com\/es\/wp-json\/wp\/v2\/pages\/7025\/revisions"}],"wp:attachment":[{"href":"https:\/\/sotol.com\/es\/wp-json\/wp\/v2\/media?parent=7025"}],"curies":[{"name":"wp","href":"https:\/\/api.w.org\/{rel}","templated":true}]}}