{"id":6955,"date":"2025-02-26T16:04:39","date_gmt":"2025-02-26T22:04:39","guid":{"rendered":"https:\/\/sotol.com\/?page_id=6955"},"modified":"2025-07-09T08:47:23","modified_gmt":"2025-07-09T14:47:23","slug":"our-story","status":"publish","type":"page","link":"https:\/\/sotol.com\/es\/our-story\/","title":{"rendered":"Nuestra historia"},"content":{"rendered":"<div data-elementor-type=\"wp-page\" data-elementor-id=\"6955\" class=\"elementor elementor-6955\" data-elementor-post-type=\"page\">\n\t\t\t\t<div class=\"elementor-element elementor-element-47d0638 e-con-full e-flex e-con e-parent\" data-id=\"47d0638\" data-element_type=\"container\" data-settings=\"{&quot;background_background&quot;:&quot;classic&quot;}\">\n\t\t\t\t<\/div>\n\t\t<div class=\"elementor-element elementor-element-ae9ed47 e-flex e-con-boxed e-con e-parent\" data-id=\"ae9ed47\" data-element_type=\"container\" data-settings=\"{&quot;background_background&quot;:&quot;classic&quot;}\">\n\t\t\t\t\t<div class=\"e-con-inner\">\n\t\t<div class=\"elementor-element elementor-element-e04cd33 e-con-full e-flex e-con e-child\" data-id=\"e04cd33\" data-element_type=\"container\">\n\t\t\t\t<div class=\"elementor-element elementor-element-b7ec39f animated-slow elementor-invisible elementor-widget elementor-widget-text-editor\" data-id=\"b7ec39f\" data-element_type=\"widget\" data-settings=\"{&quot;_animation&quot;:&quot;fadeIn&quot;}\" data-widget_type=\"text-editor.default\">\n\t\t\t\t<div class=\"elementor-widget-container\">\n\t\t\t\t\t\t\t\t\t<p style=\"text-align: center;\"><span style=\"font-family: 'Colonna MT';\">NUESTRA HISTORIA<\/span><\/p>\t\t\t\t\t\t\t\t<\/div>\n\t\t\t\t<\/div>\n\t\t\t\t<div class=\"elementor-element elementor-element-c696e59 animated-slow elementor-invisible elementor-widget elementor-widget-text-editor\" data-id=\"c696e59\" data-element_type=\"widget\" data-settings=\"{&quot;_animation&quot;:&quot;fadeIn&quot;}\" data-widget_type=\"text-editor.default\">\n\t\t\t\t<div class=\"elementor-widget-container\">\n\t\t\t\t\t\t\t\t\tR\t\t\t\t\t\t\t\t<\/div>\n\t\t\t\t<\/div>\n\t\t\t\t<\/div>\n\t\t<div class=\"elementor-element elementor-element-8c9b670 e-con-full e-flex e-con e-child\" data-id=\"8c9b670\" data-element_type=\"container\">\n\t\t<div class=\"elementor-element elementor-element-e37fafa e-con-full e-flex e-con e-child\" data-id=\"e37fafa\" data-element_type=\"container\">\n\t\t\t\t<div class=\"elementor-element elementor-element-a35a199 animated-slow elementor-widget-mobile__width-initial elementor-invisible elementor-widget elementor-widget-text-editor\" data-id=\"a35a199\" data-element_type=\"widget\" data-settings=\"{&quot;_animation&quot;:&quot;fadeIn&quot;}\" data-widget_type=\"text-editor.default\">\n\t\t\t\t<div class=\"elementor-widget-container\">\n\t\t\t\t\t\t\t\t\t<span style=\"font-family: NeueDINVAR;\">SOTOL HACIENDA HA ALLANADO EL CAMINO DE LA INDUSTRIA DEL SOTOL GRACIAS A SUS NUMEROSOS LOGROS.<\/span>\t\t\t\t\t\t\t\t<\/div>\n\t\t\t\t<\/div>\n\t\t\t\t<\/div>\n\t\t\t\t<\/div>\n\t\t\t\t\t<\/div>\n\t\t\t\t<\/div>\n\t\t<div class=\"elementor-element elementor-element-2cb7177 e-con-full e-flex e-con e-parent\" data-id=\"2cb7177\" data-element_type=\"container\" data-settings=\"{&quot;background_background&quot;:&quot;classic&quot;}\">\n\t\t<div class=\"elementor-element elementor-element-7514e00 e-con-full e-flex e-con e-child\" data-id=\"7514e00\" data-element_type=\"container\">\n\t\t<div class=\"elementor-element elementor-element-a35c28d e-con-full e-flex e-con e-child\" data-id=\"a35c28d\" data-element_type=\"container\">\n\t\t<div class=\"elementor-element elementor-element-7e69d30 e-con-full e-flex e-con e-child\" data-id=\"7e69d30\" data-element_type=\"container\">\n\t\t\t\t<div class=\"elementor-element elementor-element-b248e4d animated-slow elementor-invisible elementor-widget elementor-widget-text-editor\" data-id=\"b248e4d\" data-element_type=\"widget\" data-settings=\"{&quot;_animation&quot;:&quot;fadeIn&quot;}\" data-widget_type=\"text-editor.default\">\n\t\t\t\t<div class=\"elementor-widget-container\">\n\t\t\t\t\t\t\t\t\t<p><span style=\"font-family: NeueDINVAR;\">SOTOL HACIENDA NACE DE LA VISI\u00d3N DE LA FAMILIA EL\u00cdAS-MADERO DE ELEVAR EL SOTOL A LA CATEGOR\u00cdA DE DESTILADO REFINADO. COMO ORGULLOSA EMPRESA FAMILIAR, EST\u00c1 ARRAIGADA EN UNA PROFUNDA PASI\u00d3N POR LOS DESTILADOS QUE HA PASADO DE GENERACI\u00d3N EN GENERACI\u00d3N, HONRANDO SU HERENCIA Y, AL MISMO TIEMPO, DANDO FORMA AL FUTURO DEL SOTOL.<\/span><\/p>\t\t\t\t\t\t\t\t<\/div>\n\t\t\t\t<\/div>\n\t\t\t\t<div class=\"elementor-element elementor-element-a6dab04 elementor-absolute elementor-widget elementor-widget-image\" data-id=\"a6dab04\" data-element_type=\"widget\" data-settings=\"{&quot;_position&quot;:&quot;absolute&quot;}\" data-widget_type=\"image.default\">\n\t\t\t\t<div class=\"elementor-widget-container\">\n\t\t\t\t\t\t\t\t\t\t\t\t\t\t\t<img decoding=\"async\" width=\"201\" height=\"79\" src=\"https:\/\/sotol.com\/wp-content\/uploads\/2025\/03\/Recurso-4.png\" class=\"attachment-full size-full wp-image-7018\" alt=\"\" srcset=\"https:\/\/sotol.com\/wp-content\/uploads\/2025\/03\/Recurso-4.png 201w, https:\/\/sotol.com\/wp-content\/uploads\/2025\/03\/Recurso-4-18x7.png 18w\" sizes=\"(max-width: 201px) 100vw, 201px\" \/>\t\t\t\t\t\t\t\t\t\t\t\t\t\t\t<\/div>\n\t\t\t\t<\/div>\n\t\t\t\t<\/div>\n\t\t<div class=\"elementor-element elementor-element-341761f e-con-full e-flex e-con e-child\" data-id=\"341761f\" data-element_type=\"container\">\n\t\t\t\t<div class=\"elementor-element elementor-element-dc5428b elementor-widget elementor-widget-text-editor\" data-id=\"dc5428b\" data-element_type=\"widget\" data-widget_type=\"text-editor.default\">\n\t\t\t\t<div class=\"elementor-widget-container\">\n\t\t\t\t\t\t\t\t\t<p><span style=\"font-family: gilda-display;\">Impulsada por su compromiso con la excelencia, Sotol Hacienda ha desempe\u00f1ado un papel clave en la obtenci\u00f3n de la Denominaci\u00f3n de Origen para proteger el patrimonio \u00fanico del sotol, estableciendo rigurosas normas de calidad para garantizar su autenticidad, y fundando el primer Consejo Mexicano del Sotol para salvaguardar la categor\u00eda para <\/span><span style=\"font-family: gilda-display;\">generaciones venideras.<\/span><\/p>\t\t\t\t\t\t\t\t<\/div>\n\t\t\t\t<\/div>\n\t\t\t\t<\/div>\n\t\t\t\t<\/div>\n\t\t\t\t<\/div>\n\t\t\t\t<\/div>\n\t\t<div class=\"elementor-element elementor-element-603ed24 e-con-full e-flex e-con e-parent\" data-id=\"603ed24\" data-element_type=\"container\">\n\t\t\t\t<div class=\"elementor-element elementor-element-225f6d7 elementor-widget__width-initial elementor-widget elementor-widget-image\" data-id=\"225f6d7\" data-element_type=\"widget\" data-widget_type=\"image.default\">\n\t\t\t\t<div class=\"elementor-widget-container\">\n\t\t\t\t\t\t\t\t\t\t\t\t\t\t\t<img fetchpriority=\"high\" decoding=\"async\" width=\"5477\" height=\"8881\" src=\"https:\/\/sotol.com\/wp-content\/uploads\/2025\/09\/WhatsApp-Image-2025-09-12-at-08.37.43.jpeg\" class=\"attachment-full size-full wp-image-7807\" alt=\"\" srcset=\"https:\/\/sotol.com\/wp-content\/uploads\/2025\/09\/WhatsApp-Image-2025-09-12-at-08.37.43.jpeg 1038w, https:\/\/sotol.com\/wp-content\/uploads\/2025\/09\/WhatsApp-Image-2025-09-12-at-08.37.43-195x300.jpeg 195w, https:\/\/sotol.com\/wp-content\/uploads\/2025\/09\/WhatsApp-Image-2025-09-12-at-08.37.43-664x1024.jpeg 664w, https:\/\/sotol.com\/wp-content\/uploads\/2025\/09\/WhatsApp-Image-2025-09-12-at-08.37.43-768x1184.jpeg 768w, https:\/\/sotol.com\/wp-content\/uploads\/2025\/09\/WhatsApp-Image-2025-09-12-at-08.37.43-996x1536.jpeg 996w, https:\/\/sotol.com\/wp-content\/uploads\/2025\/09\/WhatsApp-Image-2025-09-12-at-08.37.43-8x12.jpeg 8w, https:\/\/sotol.com\/wp-content\/uploads\/2025\/09\/WhatsApp-Image-2025-09-12-at-08.37.43-300x462.jpeg 300w, https:\/\/sotol.com\/wp-content\/uploads\/2025\/09\/WhatsApp-Image-2025-09-12-at-08.37.43-600x925.jpeg 600w\" sizes=\"(max-width: 5477px) 100vw, 5477px\" \/>\t\t\t\t\t\t\t\t\t\t\t\t\t\t\t<\/div>\n\t\t\t\t<\/div>\n\t\t\t\t<\/div>\n\t\t<div class=\"elementor-element elementor-element-51a7adc e-con-full e-flex e-con e-parent\" data-id=\"51a7adc\" data-element_type=\"container\">\n\t\t\t\t<div class=\"elementor-element elementor-element-efa07c5 elementor-widget__width-inherit elementor-widget elementor-widget-image\" data-id=\"efa07c5\" data-element_type=\"widget\" data-widget_type=\"image.default\">\n\t\t\t\t<div class=\"elementor-widget-container\">\n\t\t\t\t\t\t\t\t\t\t\t\t\t\t\t<img decoding=\"async\" width=\"5584\" height=\"2660\" src=\"https:\/\/sotol.com\/wp-content\/uploads\/2025\/04\/Our-Story-Hacienda-Sotol-Hacienda-de-Chihuahua@3x-e1744602542534.png\" class=\"attachment-full size-full wp-image-7808\" alt=\"\" srcset=\"https:\/\/sotol.com\/wp-content\/uploads\/2025\/04\/Our-Story-Hacienda-Sotol-Hacienda-de-Chihuahua@3x-e1744602542534.png 5584w, https:\/\/sotol.com\/wp-content\/uploads\/2025\/04\/Our-Story-Hacienda-Sotol-Hacienda-de-Chihuahua@3x-e1744602542534-300x143.png 300w, https:\/\/sotol.com\/wp-content\/uploads\/2025\/04\/Our-Story-Hacienda-Sotol-Hacienda-de-Chihuahua@3x-e1744602542534-1024x488.png 1024w, https:\/\/sotol.com\/wp-content\/uploads\/2025\/04\/Our-Story-Hacienda-Sotol-Hacienda-de-Chihuahua@3x-e1744602542534-768x366.png 768w, https:\/\/sotol.com\/wp-content\/uploads\/2025\/04\/Our-Story-Hacienda-Sotol-Hacienda-de-Chihuahua@3x-e1744602542534-1536x732.png 1536w, https:\/\/sotol.com\/wp-content\/uploads\/2025\/04\/Our-Story-Hacienda-Sotol-Hacienda-de-Chihuahua@3x-e1744602542534-2048x976.png 2048w, https:\/\/sotol.com\/wp-content\/uploads\/2025\/04\/Our-Story-Hacienda-Sotol-Hacienda-de-Chihuahua@3x-e1744602542534-18x9.png 18w, https:\/\/sotol.com\/wp-content\/uploads\/2025\/04\/Our-Story-Hacienda-Sotol-Hacienda-de-Chihuahua@3x-e1744602542534-600x286.png 600w\" sizes=\"(max-width: 5584px) 100vw, 5584px\" \/>\t\t\t\t\t\t\t\t\t\t\t\t\t\t\t<\/div>\n\t\t\t\t<\/div>\n\t\t\t\t<\/div>\n\t\t\t\t<\/div>","protected":false},"excerpt":{"rendered":"<p>NUESTRA HISTORIA RSOTOL HACIENDA HA ALLANADO EL CAMINO DE LA INDUSTRIA DEL SOTOL A TRAV\u00c9S DE SUS NUMEROSOS LOGROS. Sotol Hacienda nace de la visi\u00f3n de la familia El\u00edas-Madero de elevar el sotol a la categor\u00eda de espirituoso refinado. Como orgullosa empresa familiar, est\u00e1 arraigada en una profunda pasi\u00f3n por los espirituosos transmitida de generaci\u00f3n en generaci\u00f3n, honrando su herencia al tiempo que da forma [...]<\/p>","protected":false},"author":1,"featured_media":0,"parent":0,"menu_order":0,"comment_status":"closed","ping_status":"closed","template":"elementor_header_footer","meta":{"footnotes":""},"class_list":["post-6955","page","type-page","status-publish","hentry"],"rttpg_featured_image_url":null,"rttpg_author":{"display_name":"StudioVainilla","author_link":"https:\/\/sotol.com\/es\/author\/studiovainilla\/"},"rttpg_comment":0,"rttpg_category":null,"rttpg_excerpt":"OUR STORY RSOTOL HACIENDA HAS PAVED THE WAY FOR THE SOTOL INDUSTRY THROUGH ITS MANY ACHIEVEMENTS. Sotol Hacienda is born from the El\u00edas-Madero family\u2019s vision to elevate sotol into a refined spirit. As a proud family-owned company, it is rooted in a deep passion for spirits passed down through generations, honoring their heritage while shaping&hellip;","_links":{"self":[{"href":"https:\/\/sotol.com\/es\/wp-json\/wp\/v2\/pages\/6955","targetHints":{"allow":["GET"]}}],"collection":[{"href":"https:\/\/sotol.com\/es\/wp-json\/wp\/v2\/pages"}],"about":[{"href":"https:\/\/sotol.com\/es\/wp-json\/wp\/v2\/types\/page"}],"author":[{"embeddable":true,"href":"https:\/\/sotol.com\/es\/wp-json\/wp\/v2\/users\/1"}],"replies":[{"embeddable":true,"href":"https:\/\/sotol.com\/es\/wp-json\/wp\/v2\/comments?post=6955"}],"version-history":[{"count":0,"href":"https:\/\/sotol.com\/es\/wp-json\/wp\/v2\/pages\/6955\/revisions"}],"wp:attachment":[{"href":"https:\/\/sotol.com\/es\/wp-json\/wp\/v2\/media?parent=6955"}],"curies":[{"name":"wp","href":"https:\/\/api.w.org\/{rel}","templated":true}]}}